{"id":6080,"date":"2025-07-15T15:52:34","date_gmt":"2025-07-15T13:52:34","guid":{"rendered":"https:\/\/int.cpn.edu.rs\/?page_id=6080"},"modified":"2025-12-31T15:02:49","modified_gmt":"2025-12-31T14:02:49","slug":"techsight","status":"publish","type":"page","link":"https:\/\/int.cpn.edu.rs\/en\/techsight\/","title":{"rendered":"TECHSIGHT"},"content":{"rendered":"<div class=\"wp-block-columns is-layout-flex wp-container-core-columns-is-layout-9d6595d7 wp-block-columns-is-layout-flex\">\n<div class=\"wp-block-column is-layout-flow wp-block-column-is-layout-flow\" style=\"flex-basis:33.33%\">\n<figure class=\"wp-block-image size-large is-style-default\"><img loading=\"lazy\" decoding=\"async\" width=\"600\" height=\"219\" src=\"https:\/\/int.cpn.edu.rs\/wp-content\/uploads\/2025\/12\/Screenshot-600x219.png\" alt=\"\" class=\"wp-image-6136\" srcset=\"https:\/\/int.cpn.edu.rs\/wp-content\/uploads\/2025\/12\/Screenshot-600x219.png 600w, https:\/\/int.cpn.edu.rs\/wp-content\/uploads\/2025\/12\/Screenshot-300x109.png 300w, https:\/\/int.cpn.edu.rs\/wp-content\/uploads\/2025\/12\/Screenshot-150x55.png 150w, https:\/\/int.cpn.edu.rs\/wp-content\/uploads\/2025\/12\/Screenshot-18x7.png 18w, https:\/\/int.cpn.edu.rs\/wp-content\/uploads\/2025\/12\/Screenshot.png 626w\" sizes=\"auto, (max-width: 600px) 100vw, 600px\" \/><\/figure>\n<\/div>\n\n\n\n<div class=\"wp-block-column is-layout-flow wp-block-column-is-layout-flow\" style=\"flex-basis:66.66%\">\n<div style=\"height:50px\" aria-hidden=\"true\" class=\"wp-block-spacer\"><\/div>\n\n\n\n<p class=\"has-text-align-justify translation-block\">The TECHSIGHT project aims to empower European higher education institutions to become leaders in the development and application of deep technologies (deep tech). By leveraging strategic foresight methodologies and strengthening innovation capacities, TECHSIGHT fosters new knowledge, skills, and partnerships that enable sustainable technological advancement.<\/p>\n<\/div>\n<\/div>\n\n\n\n<div style=\"height:50px\" aria-hidden=\"true\" class=\"wp-block-spacer\"><\/div>\n\n\n\n<div class=\"wp-block-columns is-layout-flex wp-container-core-columns-is-layout-9d6595d7 wp-block-columns-is-layout-flex\">\n<div class=\"wp-block-column is-layout-flow wp-block-column-is-layout-flow\">\n<h5 class=\"wp-block-heading\"><strong>Project Information<\/strong><\/h5>\n\n\n\n<p><strong>Funding source:<\/strong> European Institute of Innovation and Technology, EU Horizon Europe programme<\/p>\n\n\n\n<p><strong>Duration:<\/strong> 04\/2025 \u2013 05\/2027<\/p>\n\n\n\n<p><strong>Website<\/strong>: under construction<\/p>\n\n\n\n<p><strong>Contact<\/strong> Danijela Vu\u010di\u0107evi\u0107 \u2013 <a href=\"mailto:dvucicevic@cpn.rs\">dvucicevic@cpn.rs<\/a><\/p>\n\n\n\n<h5 class=\"wp-block-heading\"><strong>Coordinator<\/strong><\/h5>\n\n\n\n<p><em>Yildiz Technical University<\/em>, Turkey<\/p>\n<\/div>\n\n\n\n<div class=\"wp-block-column is-layout-flow wp-block-column-is-layout-flow\">\n<h5 class=\"wp-block-heading\"><strong>Partners<\/strong><\/h5>\n\n\n\n<p><em>Hochschule Magdeburg &#8211; Stendal<\/em>, Germany<\/p>\n\n\n\n<p><em>Politecnico da Guarda<\/em>, Portugal<\/p>\n\n\n\n<p><em>Ss. Cyril and Methodius University in Skopje<\/em>, North Macedonia<\/p>\n\n\n\n<p><em>Daugavpils Universitate<\/em>,Latvia<\/p>\n\n\n\n<p><em>The New Way<\/em>, Denmark<\/p>\n\n\n\n<p>Center for the Promotion of Science<\/p>\n<\/div>\n<\/div>\n\n\n\n<div style=\"height:50px\" aria-hidden=\"true\" class=\"wp-block-spacer\"><\/div>\n\n\n\n<h5 class=\"wp-block-heading\"><strong><strong>Project Description<\/strong><\/strong><\/h5>\n\n\n\n<p class=\"translation-block\">TECHSIGHT is a European initiative that develops a comprehensive model for advancing deep tech innovation by engaging students, academic staff, entrepreneurs, and policymakers. Through its integrated approach, TECHSIGHT connects academia, industry, government, and society to build resilient innovation ecosystems prepared for future challenges. The project focuses on quantum technologies, biotechnology, advanced materials, artificial intelligence, and other deep technologies with high societal impact.<\/p>\n\n\n\n<div class=\"wp-block-group\"><div class=\"wp-block-group__inner-container is-layout-constrained wp-block-group-is-layout-constrained\">\n<h5 class=\"wp-block-heading\"><strong><strong>The Role of CPN<\/strong><\/strong>:<\/h5>\n\n\n\n<p class=\"translation-block\">The Center for the Promotion of Science leads work packages 6, dedicated to innovation ecosystem development. CPN\u2019s tasks include the development of policy recommendations for deep tech ecosystem growth, the establishment of six innovation districts across the consortium, the support for deep tech startups through accelerator programs, mentorship, and open calls, and the coordination over the knowledge-sharing and collaboration platform \u2212 CollabSPHERE. Through this project, CPN reinforces its mission of connecting science, society, and innovation, by promoting responsible and sustainable technological development in line with European values.<\/p>\n<\/div><\/div>","protected":false},"excerpt":{"rendered":"<p>\u041f\u0440\u043e\u0458\u0435\u043a\u0430\u0442 TECHSIGHT \u0458\u0435 \u0438\u043d\u0438\u0446\u0438\u0440\u0430\u043d \u043a\u0430\u043a\u043e \u0431\u0438 \u0441\u0435 \u0435\u0432\u0440\u043e\u043f\u0441\u043a\u0435 \u0432\u0438\u0441\u043e\u043a\u043e\u043e\u0431\u0440\u0430\u0437\u043e\u0432\u043d\u0435 \u0438\u043d\u0441\u0442\u0438\u0442\u0443\u0446\u0438\u0458\u0435 \u043e\u0441\u043d\u0430\u0436\u0438\u043b\u0435 \u0434\u0430 \u043f\u043e\u0441\u0442\u0430\u043d\u0443 \u043b\u0438\u0434\u0435\u0440\u0438 \u0443 \u0440\u0430\u0437\u0432\u043e\u0458\u0443 \u0438 \u043f\u0440\u0438\u043c\u0435\u043d\u0438 \u0434\u0443\u0431\u043e\u043a\u0438\u0445 \u0442\u0435\u0445\u043d\u043e\u043b\u043e\u0433\u0438\u0458\u0430 [&hellip;]<\/p>","protected":false},"author":3,"featured_media":6136,"parent":0,"menu_order":8,"comment_status":"closed","ping_status":"closed","template":"","meta":{"footnotes":""},"categories":[26],"tags":[],"class_list":["post-6080","page","type-page","status-publish","has-post-thumbnail","hentry","category-aktivni"],"_links":{"self":[{"href":"https:\/\/int.cpn.edu.rs\/en\/wp-json\/wp\/v2\/pages\/6080","targetHints":{"allow":["GET"]}}],"collection":[{"href":"https:\/\/int.cpn.edu.rs\/en\/wp-json\/wp\/v2\/pages"}],"about":[{"href":"https:\/\/int.cpn.edu.rs\/en\/wp-json\/wp\/v2\/types\/page"}],"author":[{"embeddable":true,"href":"https:\/\/int.cpn.edu.rs\/en\/wp-json\/wp\/v2\/users\/3"}],"replies":[{"embeddable":true,"href":"https:\/\/int.cpn.edu.rs\/en\/wp-json\/wp\/v2\/comments?post=6080"}],"version-history":[{"count":5,"href":"https:\/\/int.cpn.edu.rs\/en\/wp-json\/wp\/v2\/pages\/6080\/revisions"}],"predecessor-version":[{"id":6139,"href":"https:\/\/int.cpn.edu.rs\/en\/wp-json\/wp\/v2\/pages\/6080\/revisions\/6139"}],"wp:featuredmedia":[{"embeddable":true,"href":"https:\/\/int.cpn.edu.rs\/en\/wp-json\/wp\/v2\/media\/6136"}],"wp:attachment":[{"href":"https:\/\/int.cpn.edu.rs\/en\/wp-json\/wp\/v2\/media?parent=6080"}],"wp:term":[{"taxonomy":"category","embeddable":true,"href":"https:\/\/int.cpn.edu.rs\/en\/wp-json\/wp\/v2\/categories?post=6080"},{"taxonomy":"post_tag","embeddable":true,"href":"https:\/\/int.cpn.edu.rs\/en\/wp-json\/wp\/v2\/tags?post=6080"}],"curies":[{"name":"wp","href":"https:\/\/api.w.org\/{rel}","templated":true}]}}