{"id":5558,"date":"2024-02-06T12:01:09","date_gmt":"2024-02-06T11:01:09","guid":{"rendered":"https:\/\/int.cpn.edu.rs\/?page_id=5558"},"modified":"2024-12-25T12:36:34","modified_gmt":"2024-12-25T11:36:34","slug":"kako-vas-mozak-radi","status":"publish","type":"page","link":"https:\/\/int.cpn.edu.rs\/en\/kako-vas-mozak-radi\/","title":{"rendered":"How your brain works?"},"content":{"rendered":"<div class=\"wp-block-columns is-layout-flex wp-container-core-columns-is-layout-9d6595d7 wp-block-columns-is-layout-flex\">\n<div class=\"wp-block-column is-layout-flow wp-block-column-is-layout-flow\" style=\"flex-basis:33.33%\">\n<figure class=\"wp-block-image size-large is-resized\"><img decoding=\"async\" src=\"https:\/\/prodavnica.cpn.rs\/wp-content\/uploads\/2024\/04\/Kako_radi_vas_mozak.png\" alt=\"\" style=\"aspect-ratio:4\/3;object-fit:contain;width:276px;height:auto\"\/><\/figure>\n<\/div>\n\n\n\n<div class=\"wp-block-column is-layout-flow wp-block-column-is-layout-flow\" style=\"flex-basis:66.66%\">\n<p class=\"has-text-align-justify translation-block\">The world is facing a significant challenge in the form of neurological disorders, with the World Health Organisation estimating that one in five people globally will be affected by such conditions. Despite the high prevalence of these disorders, there are still no cures, and the public still has a limited understanding of the basic principles of neuroscience due to the complexity of the nervous system and the difficulty in accessing tools for investigation. CPN partnered with Backyard Brains from the USA to introduce modern, project-based techniques through neuroscience, a highly integrated STEM field critically relying on the AI developments.<\/p>\n<\/div>\n<\/div>\n\n\n\n<div class=\"wp-block-group\"><div class=\"wp-block-group__inner-container is-layout-constrained wp-block-group-is-layout-constrained\">\n<div class=\"wp-block-columns is-layout-flex wp-container-core-columns-is-layout-9d6595d7 wp-block-columns-is-layout-flex\">\n<div class=\"wp-block-column is-layout-flow wp-block-column-is-layout-flow\">\n<h5 class=\"wp-block-heading\"><strong>Project Info<\/strong><\/h5>\n\n\n\n<p>Funding source: Serbian-American Cooperation Grants Program, US Embassy in Serbia <\/p>\n\n\n\n<p>Project duration: 10\/23 \u2212 09\/24<\/p>\n\n\n\n<p>Contact: An\u0111ela Simi\u010di\u0107 \u2013 asimicic@cpn.rs<\/p>\n\n\n\n<h5 class=\"wp-block-heading\"><strong>Coordinator<\/strong>:<\/h5>\n\n\n\n<p>Center for the Promotion of Science<\/p>\n<\/div>\n\n\n\n<div class=\"wp-block-column is-layout-flow wp-block-column-is-layout-flow\">\n<h5 class=\"wp-block-heading\">Partners<\/h5>\n\n\n\n<p><em>Backyard Brains<\/em>,USA<\/p>\n\n\n\n<p>Nordeus Foundation, Serbia<\/p>\n<\/div>\n<\/div>\n<\/div><\/div>\n\n\n\n<h5 class=\"wp-block-heading\">Project Description<\/h5>\n\n\n\n<p>The aim of this project is to advance science education in Serbian secondary schools by training teachers through Makers Labs on project-based learning through a hands-on neuroscience curriculum. A unique aspect of this project is the collaboration between Serbian and American scientists and educators. The project includes:<\/p>\n\n\n\n<ul class=\"wp-block-list\" id=\"tacke\">\n<li class=\"translation-block\">Development of new lesson plans to be incorporated into a Serbian version (Kako va\u0161 mozak radi) of a recent MIT Press book (How your brain works) by Greg Gage<\/li>\n\n\n\n<li>Printing of the book and distribution across Serbian high schools and general public<\/li>\n\n\n\n<li>Teacher training programme to provide hands-on experience in both neuroscience techniques and use of the new curriculum<\/li>\n\n\n\n<li>Distribution of hands-on neuroscience equipment to high schools who are in the Network of Makers Lab.<\/li>\n<\/ul>\n\n\n\n<div class=\"wp-block-group\"><div class=\"wp-block-group__inner-container is-layout-constrained wp-block-group-is-layout-constrained\">\n<h5 class=\"wp-block-heading translation-block\">The Role of CPN<\/h5>\n\n\n\n<p>CPN will organise the hands-on workshops for high school teachers and students who are part of Makers lab initiative. Additionally, CPN will contribute to the development of the Serbian edition of the book How your brain works by Greg Gage, as well as to its translation, promotion and distribution.<\/p>\n<\/div><\/div>","protected":false},"excerpt":{"rendered":"<p>\u0421\u0432\u0435\u0442 \u0441\u0435 \u0441\u0443\u043e\u0447\u0430\u0432\u0430 \u0441\u0430 \u043e\u0437\u0431\u0438\u0459\u043d\u0438\u043c \u0438\u0437\u0430\u0437\u043e\u0432\u043e\u043c \u0443 \u0432\u0438\u0434\u0443 \u0441\u0432\u0435 \u0443\u0447\u0435\u0441\u0442\u0430\u043b\u0438\u0458\u0438\u0445 \u043d\u0435\u0443\u0440\u043e\u043b\u043e\u0448\u043a\u0438\u0445 \u043f\u043e\u0440\u0435\u043c\u0435\u045b\u0430\u0458\u0430, \u0430 \u0421\u0432\u0435\u0442\u0441\u043a\u0430 \u0437\u0434\u0440\u0430\u0432\u0441\u0442\u0432\u0435\u043d\u0430 \u043e\u0440\u0433\u0430\u043d\u0438\u0437\u0430\u0446\u0438\u0458\u0430 \u043f\u0440\u043e\u0446\u0435\u045a\u0443\u0458\u0435 \u0434\u0430 \u045b\u0435 \u0458\u0435\u0434\u043d\u0430 [&hellip;]<\/p>\n","protected":false},"author":3,"featured_media":1140,"parent":0,"menu_order":85,"comment_status":"closed","ping_status":"closed","template":"","meta":{"footnotes":""},"categories":[35,28],"tags":[],"class_list":["post-5558","page","type-page","status-publish","has-post-thumbnail","hentry","category-drugo","category-realizovani"],"_links":{"self":[{"href":"https:\/\/int.cpn.edu.rs\/en\/wp-json\/wp\/v2\/pages\/5558","targetHints":{"allow":["GET"]}}],"collection":[{"href":"https:\/\/int.cpn.edu.rs\/en\/wp-json\/wp\/v2\/pages"}],"about":[{"href":"https:\/\/int.cpn.edu.rs\/en\/wp-json\/wp\/v2\/types\/page"}],"author":[{"embeddable":true,"href":"https:\/\/int.cpn.edu.rs\/en\/wp-json\/wp\/v2\/users\/3"}],"replies":[{"embeddable":true,"href":"https:\/\/int.cpn.edu.rs\/en\/wp-json\/wp\/v2\/comments?post=5558"}],"version-history":[{"count":4,"href":"https:\/\/int.cpn.edu.rs\/en\/wp-json\/wp\/v2\/pages\/5558\/revisions"}],"predecessor-version":[{"id":5706,"href":"https:\/\/int.cpn.edu.rs\/en\/wp-json\/wp\/v2\/pages\/5558\/revisions\/5706"}],"wp:featuredmedia":[{"embeddable":true,"href":"https:\/\/int.cpn.edu.rs\/en\/wp-json\/wp\/v2\/media\/1140"}],"wp:attachment":[{"href":"https:\/\/int.cpn.edu.rs\/en\/wp-json\/wp\/v2\/media?parent=5558"}],"wp:term":[{"taxonomy":"category","embeddable":true,"href":"https:\/\/int.cpn.edu.rs\/en\/wp-json\/wp\/v2\/categories?post=5558"},{"taxonomy":"post_tag","embeddable":true,"href":"https:\/\/int.cpn.edu.rs\/en\/wp-json\/wp\/v2\/tags?post=5558"}],"curies":[{"name":"wp","href":"https:\/\/api.w.org\/{rel}","templated":true}]}}