{"id":5073,"date":"2022-12-28T12:59:09","date_gmt":"2022-12-28T11:59:09","guid":{"rendered":"https:\/\/int.cpn.edu.rs\/?page_id=5073"},"modified":"2025-02-11T09:25:35","modified_gmt":"2025-02-11T08:25:35","slug":"carbon-act","status":"publish","type":"page","link":"https:\/\/int.cpn.edu.rs\/en\/carbon-act\/","title":{"rendered":"<em>Carbon Act\u00a0<\/em>"},"content":{"rendered":"<div class=\"wp-block-columns is-layout-flex wp-container-core-columns-is-layout-9d6595d7 wp-block-columns-is-layout-flex\">\n<div class=\"wp-block-column is-layout-flow wp-block-column-is-layout-flow\" style=\"flex-basis:33.33%\">\n<figure class=\"wp-block-image size-large\"><img loading=\"lazy\" decoding=\"async\" width=\"586\" height=\"400\" src=\"https:\/\/int.cpn.edu.rs\/wp-content\/uploads\/2023\/06\/Screenshot-2023-06-09-at-12.43.52-586x400.png\" alt=\"\" class=\"wp-image-5407\" srcset=\"https:\/\/int.cpn.edu.rs\/wp-content\/uploads\/2023\/06\/Screenshot-2023-06-09-at-12.43.52-586x400.png 586w, https:\/\/int.cpn.edu.rs\/wp-content\/uploads\/2023\/06\/Screenshot-2023-06-09-at-12.43.52-300x205.png 300w, https:\/\/int.cpn.edu.rs\/wp-content\/uploads\/2023\/06\/Screenshot-2023-06-09-at-12.43.52-150x102.png 150w, https:\/\/int.cpn.edu.rs\/wp-content\/uploads\/2023\/06\/Screenshot-2023-06-09-at-12.43.52-768x524.png 768w, https:\/\/int.cpn.edu.rs\/wp-content\/uploads\/2023\/06\/Screenshot-2023-06-09-at-12.43.52-1536x1049.png 1536w, https:\/\/int.cpn.edu.rs\/wp-content\/uploads\/2023\/06\/Screenshot-2023-06-09-at-12.43.52-18x12.png 18w, https:\/\/int.cpn.edu.rs\/wp-content\/uploads\/2023\/06\/Screenshot-2023-06-09-at-12.43.52.png 2012w\" sizes=\"auto, (max-width: 586px) 100vw, 586px\" \/><\/figure>\n<\/div>\n\n\n\n<div class=\"wp-block-column is-layout-flow wp-block-column-is-layout-flow\" style=\"flex-basis:66.66%\">\n<p class=\"has-text-align-justify translation-block\">Climate change has a critical impact on various aspects of human life, including the stability of communities, health systems, and overall human wellbeing. Already, there has been a significant rise in extreme climatic and environmental changes due to an increase in average temperatures. If left unaddressed, climate change will have a severe impact on the health of both current and future generations, further burdening already overwhelmed health systems and the universal health coverage. The Carbon Act project therefore proposes a bottom-up approach to integrate climate change into the classroom and contribute to the achievement of the UN Sustainable Development Goals. Through its three central phases \u2212 desk research, piloting and large-scale deployment \u2212 the project aims to develop exemplary practices and guidelines to ensure widespread adoption of integrating climate change into STEM teaching and strategies at the school level.<\/p>\n<\/div>\n<\/div>\n\n\n\n<div class=\"wp-block-group\"><div class=\"wp-block-group__inner-container is-layout-constrained wp-block-group-is-layout-constrained\">\n<div class=\"wp-block-columns is-layout-flex wp-container-core-columns-is-layout-9d6595d7 wp-block-columns-is-layout-flex\">\n<div class=\"wp-block-column is-layout-flow wp-block-column-is-layout-flow\">\n<h5 class=\"wp-block-heading\"><strong>Project Information<\/strong><\/h5>\n\n\n\n<p>Funding source: Erasmus+<\/p>\n\n\n\n<p>Project duration: 01\/2023 \u2212 12\/2025<\/p>\n\n\n\n<p>Project Website: under construction<\/p>\n\n\n\n<p>Contact: Danijela Vu\u010di\u0107evi\u0107 \u2013 <a href=\"mailto:dvucicevic@cpn.rs\">dvucicevic@cpn.rs<\/a><\/p>\n\n\n\n<h5 class=\"wp-block-heading\"><strong>Coordinator<\/strong><\/h5>\n\n\n\n<p><em>European SchoolNet<\/em>, Belgium <\/p>\n<\/div>\n\n\n\n<div class=\"wp-block-column is-layout-flow wp-block-column-is-layout-flow\">\n<h5 class=\"wp-block-heading\"><strong>Partners<\/strong><\/h5>\n\n\n\n<p><em>Instytut Geofizyki Polskiej Akademii Nauk<\/em>, Poland&nbsp;<\/p>\n\n\n\n<p><em>Goteborgsregionens Kommunalforbund<\/em>, Sweden<\/p>\n\n\n\n<p>Center for the Promotion of Science&nbsp;<\/p>\n<\/div>\n<\/div>\n<\/div><\/div>\n\n\n\n<h5 class=\"wp-block-heading\"><strong>Project Description:<\/strong><\/h5>\n\n\n\n<p class=\"translation-block\">Education has a crucial role to play in addressing the challenge of climate change. By encouraging people to modify their behaviour and make informed decisions, it enables an active adaptation and the implementation of the related policies and regulations. In this context, the Carbon Act project proposes a bottom-up approach that involves three complementary blocks of activities. These blocks aim to foster exemplary practices and guidelines for integrating climate change into the classroom and ensuring their widespread dissemination and adoption.\n\nThe foundational first block involves desk research into existing climate change initiatives and developing a curriculum analysis for introducing climate change into schools. The second block is a piloting phase, where learning scenarios on the topic will be co-developed, leading to the creation of an online catalogue and Massive Open Online Courses (MOOCs) for large-scale implementation in European countries. Finally, the third block represents the large-scale deployment phase, where MOOCs, videos, competitions, and final reports will be developed and run to ensure broad participation by schools and institutions interested in integrating climate change into STEM teaching and strategies at the school level.<\/p>\n\n\n\n<div class=\"wp-block-group\"><div class=\"wp-block-group__inner-container is-layout-constrained wp-block-group-is-layout-constrained\">\n<h5 class=\"wp-block-heading translation-block\">The Role of CPN<\/h5>\n\n\n\n<p>The Center for the Promotion of Science is leading WP3 of the project, with the primary objective of knowledge building. To achieve this goal, the Center is striving to enhance knowledge of climate change and promote sustainability initiatives, foster the development of sustainability competencies, and collect and arrange information on ongoing climate change initiatives in primary and secondary schools. Furthermore, the Center will involve significant number of scientists, schools and teachers from Serbia, within the process of encouraging European schools and educators at large to embrace climate change and sustainability challenges across all education levels. Additionally, the Center will contribute to the creation of the project pedagogical methodologies that facilitate the learning mechanisms, such as Inquiry-based science education.<\/p>\n<\/div><\/div>\n\n\n\n<div class=\"wp-block-media-text is-stacked-on-mobile has-background\" style=\"background-color:#abb7c242;grid-template-columns:30% auto\"><figure class=\"wp-block-media-text__media\"><img loading=\"lazy\" decoding=\"async\" width=\"600\" height=\"157\" src=\"https:\/\/int.cpn.edu.rs\/wp-content\/uploads\/2024\/10\/EN_FundedbytheEU_RGB_POS.png\" alt=\"\" class=\"wp-image-5741 size-full\" srcset=\"https:\/\/int.cpn.edu.rs\/wp-content\/uploads\/2024\/10\/EN_FundedbytheEU_RGB_POS.png 1500w, https:\/\/int.cpn.edu.rs\/wp-content\/uploads\/2024\/10\/EN_FundedbytheEU_RGB_POS-300x67.png 300w, https:\/\/int.cpn.edu.rs\/wp-content\/uploads\/2024\/10\/EN_FundedbytheEU_RGB_POS-600x134.png 600w, https:\/\/int.cpn.edu.rs\/wp-content\/uploads\/2024\/10\/EN_FundedbytheEU_RGB_POS-150x33.png 150w, https:\/\/int.cpn.edu.rs\/wp-content\/uploads\/2024\/10\/EN_FundedbytheEU_RGB_POS-768x171.png 768w, https:\/\/int.cpn.edu.rs\/wp-content\/uploads\/2024\/10\/EN_FundedbytheEU_RGB_POS-18x4.png 18w\" sizes=\"auto, (max-width: 600px) 100vw, 600px\" \/><\/figure><div class=\"wp-block-media-text__content\">\n<p class=\"has-small-font-size\">Funded by the European Union. Views and opinions expressed are those of the author(s) only and do not necessarily reflect those of the European Union or the European Education and Culture Executive Agency (EACEA). Neither the European Union nor the granting authority can be held responsible for them.<\/p>\n<\/div><\/div>","protected":false},"excerpt":{"rendered":"<p>\u041a\u043b\u0438\u043c\u0430\u0442\u0441\u043a\u0435 \u043f\u0440\u043e\u043c\u0435\u043d\u0435 \u043a\u0440\u0438\u0442\u0438\u0447\u043d\u043e \u0443\u0442\u0438\u0447\u0443 \u043d\u0430 \u0440\u0430\u0437\u043b\u0438\u0447\u0438\u0442\u0435 \u0430\u0441\u043f\u0435\u043a\u0442\u0435 \u0459\u0443\u0434\u0441\u043a\u043e\u0433 \u0436\u0438\u0432\u043e\u0442\u0430, \u0443\u043a\u0459\u0443\u0447\u0443\u0458\u0443\u045b\u0438 \u0441\u0442\u0430\u0431\u0438\u043b\u043d\u043e\u0441\u0442 \u0437\u0430\u0458\u0435\u0434\u043d\u0438\u0446\u0430, \u0437\u0434\u0440\u0430\u0432\u0441\u0442\u0432\u0435\u043d\u0438\u0445 \u0441\u0438\u0441\u0442\u0435\u043c\u0430 \u0438 \u0446\u0435\u043b\u043e\u043a\u0443\u043f\u043d\u043e\u0433 \u0459\u0443\u0434\u0441\u043a\u043e\u0433 \u0431\u043b\u0430\u0433\u043e\u0441\u0442\u0430\u045a\u0430. \u0412\u0435\u045b \u0458\u0435 [&hellip;]<\/p>","protected":false},"author":3,"featured_media":5407,"parent":0,"menu_order":53,"comment_status":"closed","ping_status":"closed","template":"","meta":{"footnotes":""},"categories":[26],"tags":[],"class_list":["post-5073","page","type-page","status-publish","has-post-thumbnail","hentry","category-aktivni"],"_links":{"self":[{"href":"https:\/\/int.cpn.edu.rs\/en\/wp-json\/wp\/v2\/pages\/5073","targetHints":{"allow":["GET"]}}],"collection":[{"href":"https:\/\/int.cpn.edu.rs\/en\/wp-json\/wp\/v2\/pages"}],"about":[{"href":"https:\/\/int.cpn.edu.rs\/en\/wp-json\/wp\/v2\/types\/page"}],"author":[{"embeddable":true,"href":"https:\/\/int.cpn.edu.rs\/en\/wp-json\/wp\/v2\/users\/3"}],"replies":[{"embeddable":true,"href":"https:\/\/int.cpn.edu.rs\/en\/wp-json\/wp\/v2\/comments?post=5073"}],"version-history":[{"count":5,"href":"https:\/\/int.cpn.edu.rs\/en\/wp-json\/wp\/v2\/pages\/5073\/revisions"}],"predecessor-version":[{"id":6027,"href":"https:\/\/int.cpn.edu.rs\/en\/wp-json\/wp\/v2\/pages\/5073\/revisions\/6027"}],"wp:featuredmedia":[{"embeddable":true,"href":"https:\/\/int.cpn.edu.rs\/en\/wp-json\/wp\/v2\/media\/5407"}],"wp:attachment":[{"href":"https:\/\/int.cpn.edu.rs\/en\/wp-json\/wp\/v2\/media?parent=5073"}],"wp:term":[{"taxonomy":"category","embeddable":true,"href":"https:\/\/int.cpn.edu.rs\/en\/wp-json\/wp\/v2\/categories?post=5073"},{"taxonomy":"post_tag","embeddable":true,"href":"https:\/\/int.cpn.edu.rs\/en\/wp-json\/wp\/v2\/tags?post=5073"}],"curies":[{"name":"wp","href":"https:\/\/api.w.org\/{rel}","templated":true}]}}