{"id":4438,"date":"2022-11-08T12:41:53","date_gmt":"2022-11-08T11:41:53","guid":{"rendered":"https:\/\/int.cpn.edu.rs\/?page_id=4438"},"modified":"2022-11-09T15:16:37","modified_gmt":"2022-11-09T14:16:37","slug":"test-tabela-2","status":"publish","type":"page","link":"https:\/\/int.cpn.edu.rs\/en\/test-tabela-2\/","title":{"rendered":"test tabela 3"},"content":{"rendered":"<p><\/p>\n\n\n\n<div id=\"tabele\" class=\"wp-block-group\"><div class=\"wp-block-group__inner-container is-layout-flow wp-block-group-is-layout-flow\">\n<div class=\"wp-block-columns is-layout-flex wp-container-core-columns-is-layout-9d6595d7 wp-block-columns-is-layout-flex\">\n<div class=\"wp-block-column is-layout-flow wp-block-column-is-layout-flow\">\n<button class=\"active\" onclick=\"myFunction();aktivan(this);\">November 24<br><small>(Film Archive)<\/small><\/button>\n<\/div>\n\n\n\n<div class=\"wp-block-column is-layout-flow wp-block-column-is-layout-flow\">\n<button onclick=\"myFunction2();aktivan(this);\">November 25<br><small>(Film Archive)<\/small><\/button>\n<\/div>\n\n\n\n<div class=\"wp-block-column is-layout-flow wp-block-column-is-layout-flow\">\n<button onclick=\"myFunction4();aktivan(this);\">Workshops<br><small>(CPN Science Club)<\/small><\/button>\n<\/div>\n<\/div>\n\n\n\n<figure id=\"t1\" class=\"wp-block-table\"><table><thead><tr><th>Time<\/th><th><strong>Auditorium<\/strong><br>Session &amp; <strong>Speakers<\/strong><\/th><th><strong>1<sup>st<\/sup> floor room<\/strong><br><strong>Session &amp; Speakers<\/strong><\/th><th><strong>Pop Up Science Club<\/strong><br><strong>Session &amp; Speakers<\/strong><\/th><\/tr><\/thead><tbody><tr><td>9:00-10:00<\/td><td><\/td><td><strong>Registration<\/strong><\/td><td><\/td><\/tr><tr><td>10:00-10:30<\/td><td><strong>Welcome speeches<\/strong><br>TBC<\/td><td><\/td><td><\/td><\/tr><tr><td>10:30-12:00<\/td><td><strong>Keynote talks<\/strong><br>Vladimir Jankovi\u0107<br>Rene von Schomberg<br>Bruno Maquart<br>Marko Krsti\u0107<\/td><td><\/td><td><\/td><\/tr><tr><td>12:00-13:30<\/td><td><\/td><td><strong>Lunch break<\/strong><\/td><td><\/td><\/tr><tr><td>13:30-14:30<\/td><td><strong>Open Science Policies and Approaches<\/strong><br>Biljana Kosanovi\u0107<br>Sini\u0161a Mar\u010di\u0107<br>Dejan Paji\u0107<br>Norbert Steinhaus<br>moderator: Ljiljana Roga\u010d MIjatovi\u0107<\/td><td><strong>In Science We Trust<\/strong><br>Eugenia Covernton<br>Asimakis Talamagas<br>Zoran Tomi\u0107<br>moderator: Jelena Joksimovi\u0107<\/td><td><strong>Origami-mathematics, wonders between the folds in the classroom<\/strong><br>Natalija Budinski<strong><br>Secret of Masonic communication and more<\/strong><br>Marina Zlomisli\u0107<\/td><\/tr><tr><td>14:45-15:45<\/td><td><strong>SciJournalism: Bridging the Gap<br>Between Science and People<\/strong><br>Jelena Kalini\u0107<br>Dobrila Mo\u010devi\u0107<br>Du\u0161an Pavlovi\u0107<br>Tiberius Puiu<br>moderator: Ivana Nikoli\u0107<\/td><td><strong>Art and Science: beyond communication<\/strong><br>Werner Jauk<br>Adrienn Ujhazi<br>TBC<br>moderator: Bojan Kenig<\/td><td><strong>DataArt IT Museum<\/strong><br>Alexey Pomigalov<\/td><\/tr><tr><td>15:45-16:45<\/td><td><strong>Coffee break<br>Poster session<\/strong><\/td><td><strong>Coffee break<br>Poster session<\/strong><\/td><td><strong>Climateria<\/strong><br>TBC<\/td><\/tr><tr><td>16:45-17:45<\/td><td><strong>What&#8217;s The DRAMA With Science Communication<\/strong><br>Tamara Nikoli\u0107<br>Jovana Karauli\u0107<br>Ljubica Beljanski Risti\u0107<br>Claudia Aguirre<br>moderator: Maja Maksimovi\u0107<\/td><td><strong>Open Science: Unlock your Research<\/strong><br><strong>for multilayered audiences and resources<\/strong><br>S\u00edlvia Simon<br>Barbara Heinisch<br>Katarzyna \u015awierk<br>moderator: Marija Cvetinovi\u0107<br><\/td><td><strong>Communicating science through card game<\/strong>s<br>TBC<\/td><\/tr><\/tbody><\/table><\/figure>\n\n\n\n<h5 class=\"wp-block-heading\" id=\"t1-2\"><strong>Evening program<\/strong><\/h5>\n\n\n\n<figure id=\"t1-1\" class=\"wp-block-table\"><table><thead><tr><th>Time<\/th><th><strong>Auditorium<\/strong><\/th><th><strong>1<sup>st<\/sup> floor room<\/strong><\/th><\/tr><\/thead><tbody><tr><td>20:00-21:00<\/td><td><strong>Cyborgs at the Film Archive<\/strong><br>(Developing tools for the next generation of neuroscientists)<br>Greg Gage<\/td><td><strong>World Cup live<\/strong><br>Brazil &#8211; Serbia<\/td><\/tr><tr><td>21:00-22:00<\/td><td><strong>TBC<\/strong><\/td><td><\/td><\/tr><tr><td>22:00-23:00<\/td><td><strong>music TBC<\/strong><\/td><td><\/td><\/tr><\/tbody><\/table><\/figure>\n\n\n\n<figure id=\"t2\" class=\"wp-block-table\"><table><thead><tr><th>Time<\/th><th><strong>Auditorium<\/strong><br>Session &amp; <strong>Speakers<\/strong><\/th><th><strong>1<sup>st<\/sup> floor room<\/strong><br><strong>Session &amp; Speakers<\/strong><\/th><th><strong>Pop Up Science Club<\/strong><br><strong>Session &amp; Speakers<\/strong><\/th><\/tr><\/thead><tbody><tr><td>9:00-9:30<\/td><td><\/td><td><strong>Registration<\/strong><\/td><td><\/td><\/tr><tr><td>9:30-11:00<\/td><td><strong>Keynote talks<br><\/strong>Mairead Hurley<br>Ana Noronha<\/td><td><\/td><td><\/td><\/tr><tr><td>11:15-12:15<\/td><td><strong>New Opportunities for Adressing<br>Societal Needs with Citizen Science<br><\/strong>Carla Perucca Iannitelli<br>Kejt Dhrami<br>Gefion Thuermer<br>Chris Styles<br>moderator: Elke Dall<\/td><td><strong>A kaleidoscope of STEAM practices across Europe<\/strong><br>Roberto Vdovi\u0107<br>Menelaos Sotiriou<br>Andreja Ba\u010dnik &amp; Simona Slavi\u010d Kumer<br>Milo\u0161 \u0110uri\u010danin<br>Dobrivoje Lale Eri\u0107<br>moderator: Marjana Brki\u0107<\/td><td><strong>Games with the Periodic Table of the Elements<\/strong><br>S\u00edlvia Simon Rabasseda<\/td><\/tr><tr><td>12:15-13:30<\/td><td><strong>Lunch break<\/strong><\/td><td><strong>Lunch break<\/strong><\/td><td><strong>Lunch break<\/strong><\/td><\/tr><tr><td>13:30-14:30<\/td><td><strong>Climate Literacy<br><\/strong>Vladimir \u0110ur\u0111evi\u0107<br>Marta Terrado<br>Joanna Gordon Casey<br>Selvaggia Santi<br>moderator: Marjana Brki\u0107<\/td><td><strong>Inspirational approaches to STEAM education<br><\/strong>Kre\u0161imir \u010cani\u0107<br>Zrinka Valeti\u0107 &amp; Robert Vdovi\u0107<br>Maja Nikolova<br>Zorana Mati\u0107evi\u0107 &amp; Biljana Mijailovi\u0107<br>Vedrana Mikuli\u0107 Crnkovi\u0107 &amp; Bojan Crnkovi\u0107<br>moderator: Danijela Vu\u010di\u0107evi\u0107<\/td><td><strong>Science around us<\/strong><br>An\u0111ela Kosti\u0107 Mini\u0107<br>Anka Ivanovi\u0107 Coni\u0107<br>Olivera Ivanovi\u0107<br><strong>Do plants and animals know physics<\/strong><\/td><\/tr><tr><td>14:45-15:45<\/td><td><strong>Living labs and open schooling in science education<br><\/strong>Claudia Aguirre<br>Ivana \u0160eparovi\u0107<br>Jelena Joksimovi\u0107<br>moderator: Alix Thuillier<\/td><td><strong>Citizen Science: guidelines, quality assessment strategies and expoitation pathways<br><\/strong>Du\u0161an Mi\u0161evi\u0107<br>Katharina Kloppenborg<br>Bojana Dini\u0107<br>Joanna Morawska<br>moderator: Marija Cvetinovi\u0107<\/td><td><strong>3D printing students\u2019 company logo<br><\/strong>Zorana Mati\u0107evi\u0107 &amp; Miroslava Nikoli\u0107<\/td><\/tr><tr><td>15:45-17:00<\/td><td><strong>Coffee break<br>Poster session<\/strong><\/td><td><\/td><td><strong>Coffee break<\/strong><br><strong>Poster session<\/strong><\/td><\/tr><tr><td>17:00-18:00<\/td><td><strong>TBC<\/strong><\/td><td><\/td><td><\/td><\/tr><\/tbody><\/table><\/figure>\n\n\n\n<h5 class=\"wp-block-heading\" id=\"t4-2\">November 24<\/h5>\n\n\n\n<figure id=\"t4\" class=\"wp-block-table\"><table><thead><tr><th><strong>Time<\/strong><\/th><th><strong>Title<\/strong><\/th><th><strong>Facilitators<\/strong><\/th><\/tr><\/thead><tbody><tr><td>12:30-14:30<\/td><td><strong>Teaching SciComm: Lessons from the Field<\/strong><\/td><td>Olga Dobrovidova<br>Alexandra Borissova Saleh<\/td><\/tr><tr><td>14:45-16:30<\/td><td><strong>TV camera &#8211; fight or flight?<\/strong><\/td><td>Marko Ko\u0161i\u010dek<br>Petra Buljevi\u0107 Zdjelarevi\u0107<\/td><\/tr><tr><td>16:45-18:45<\/td><td><strong>Scientific findings in the non-scientific public and vice versa: the scientists&#8217; responsibility<\/strong><\/td><td>Kaja Damnjanovi\u0107<\/td><\/tr><\/tbody><\/table><\/figure>\n\n\n\n<h5 class=\"wp-block-heading\" id=\"t4-3\">November 25<\/h5>\n\n\n\n<figure id=\"t4-1\" class=\"wp-block-table\"><table><thead><tr><th><strong>Time<\/strong><\/th><th><strong><strong>Title<\/strong><\/strong><\/th><th><strong><strong><strong>Facilitators<\/strong><\/strong><\/strong><\/th><\/tr><\/thead><tbody><tr><td>11:15-13:00<\/td><td><strong>Transversal skills in STEAM education<\/strong><\/td><td>Tina Markovi\u0107<br>Barbara Pinculi\u0107<br>Tomislav Ro\u017ei\u0107<\/td><\/tr><tr><td>13:15-15:00<\/td><td><strong>STEM F.D.: Fighting wildfires with STEM education<\/strong><\/td><td>Eirini Chatzara<br>Asimakis Talamagas<\/td><\/tr><tr><td>15:15-17:00<\/td><td><strong>Detective Investigation<\/strong><\/td><td>Vesna Kosti\u0107<br>Sne\u017eana Bogi\u0107evi\u0107<br>Jelena Muci\u0107<br>Zorana Mati\u0107evi\u0107<\/td><\/tr><\/tbody><\/table><\/figure>\n\n\n<\/div><\/div>","protected":false},"excerpt":{"rendered":"<p>November 24(Film Archive) November 25(Film Archive) Workshops(CPN Science Club) Time AuditoriumSession &amp; Speakers 1st floor roomSession &amp; Speakers Pop Up [&hellip;]<\/p>\n","protected":false},"author":3,"featured_media":0,"parent":0,"menu_order":29,"comment_status":"closed","ping_status":"closed","template":"","meta":{"footnotes":""},"categories":[],"tags":[],"class_list":["post-4438","page","type-page","status-publish","hentry"],"_links":{"self":[{"href":"https:\/\/int.cpn.edu.rs\/en\/wp-json\/wp\/v2\/pages\/4438","targetHints":{"allow":["GET"]}}],"collection":[{"href":"https:\/\/int.cpn.edu.rs\/en\/wp-json\/wp\/v2\/pages"}],"about":[{"href":"https:\/\/int.cpn.edu.rs\/en\/wp-json\/wp\/v2\/types\/page"}],"author":[{"embeddable":true,"href":"https:\/\/int.cpn.edu.rs\/en\/wp-json\/wp\/v2\/users\/3"}],"replies":[{"embeddable":true,"href":"https:\/\/int.cpn.edu.rs\/en\/wp-json\/wp\/v2\/comments?post=4438"}],"version-history":[{"count":5,"href":"https:\/\/int.cpn.edu.rs\/en\/wp-json\/wp\/v2\/pages\/4438\/revisions"}],"predecessor-version":[{"id":4512,"href":"https:\/\/int.cpn.edu.rs\/en\/wp-json\/wp\/v2\/pages\/4438\/revisions\/4512"}],"wp:attachment":[{"href":"https:\/\/int.cpn.edu.rs\/en\/wp-json\/wp\/v2\/media?parent=4438"}],"wp:term":[{"taxonomy":"category","embeddable":true,"href":"https:\/\/int.cpn.edu.rs\/en\/wp-json\/wp\/v2\/categories?post=4438"},{"taxonomy":"post_tag","embeddable":true,"href":"https:\/\/int.cpn.edu.rs\/en\/wp-json\/wp\/v2\/tags?post=4438"}],"curies":[{"name":"wp","href":"https:\/\/api.w.org\/{rel}","templated":true}]}}