{"id":3640,"date":"2022-08-04T13:58:48","date_gmt":"2022-08-04T11:58:48","guid":{"rendered":"https:\/\/int.cpn.edu.rs\/?page_id=3640"},"modified":"2023-06-13T13:56:02","modified_gmt":"2023-06-13T11:56:02","slug":"klimatska-kapsula","status":"publish","type":"page","link":"https:\/\/int.cpn.edu.rs\/en\/klimatska-kapsula\/","title":{"rendered":"Climate Capsule"},"content":{"rendered":"<div id=\"metaslider-id-3651\" style=\"max-width: 1000px;\" class=\"ml-slider-3-108-0 metaslider metaslider-nivo metaslider-3651 ml-slider ms-theme-cubic\" role=\"region\" aria-label=\"kapsula\" data-height=\"500\" data-width=\"1000\">\n    <div id=\"metaslider_container_3651\">\n        <div class='slider-wrapper theme-default'><div class='ribbon'><\/div><div id='metaslider_3651' class='nivoSlider'><img loading=\"lazy\" decoding=\"async\" src=\"https:\/\/int.cpn.edu.rs\/wp-content\/uploads\/2022\/08\/52239786041_f921086208_o-scaled-1000x500.jpg\" height=\"500\" width=\"1000\" title=\"52239786041_f921086208_o\" alt=\"\" class=\"slider-3651 slide-3652 msDefaultImage\" \/><img loading=\"lazy\" decoding=\"async\" src=\"https:\/\/int.cpn.edu.rs\/wp-content\/uploads\/2022\/08\/52240276705_cf0bddfc96_o-scaled-1000x500.jpg\" height=\"500\" width=\"1000\" title=\"52240276705_cf0bddfc96_o\" alt=\"\" class=\"slider-3651 slide-3653 msDefaultImage\" \/><img loading=\"lazy\" decoding=\"async\" src=\"https:\/\/int.cpn.edu.rs\/wp-content\/uploads\/2022\/08\/52239786766_5eba6fa928_o-scaled-1000x500.jpg\" height=\"500\" width=\"1000\" title=\"52239786766_5eba6fa928_o\" alt=\"\" class=\"slider-3651 slide-3654 msDefaultImage\" \/><img loading=\"lazy\" decoding=\"async\" src=\"https:\/\/int.cpn.edu.rs\/wp-content\/uploads\/2022\/08\/52238806592_fde5901676_o-scaled-1000x500.jpg\" height=\"500\" width=\"1000\" title=\"52238806592_fde5901676_o\" alt=\"\" class=\"slider-3651 slide-3655 msDefaultImage\" \/><img loading=\"lazy\" decoding=\"async\" src=\"https:\/\/int.cpn.edu.rs\/wp-content\/uploads\/2022\/08\/52240276155_56354de821_o-scaled-1000x500.jpg\" height=\"500\" width=\"1000\" title=\"52240276155_56354de821_o\" alt=\"\" class=\"slider-3651 slide-3656 msDefaultImage\" \/><\/div><\/div>\n        \n    <\/div>\n<\/div>\n\n\n\n<p>The Climate capsule is an experimental, mobile and modular installation conceived as an intensive experience that provides visitors with a layered perspective of climate change through scientific facts, artistic interventions and multimedia content.<\/p>\n\n\n\n<p>The presented content establishes a space for dialogue between scientists, artists and citizens on the topic of future scenarios of climate change. Through a view of the dystopian scene from the future, a narrative was created that initiates the subjective experience of the announced \u0430pocalypse and the readiness to face the consequences of climate change. This scientific and artistic platform is a direct call to climate action by all citizens, and reminds us of the uniqueness of the position and actions of each of us.\u00a0<\/p>\n\n\n\n<iframe loading=\"lazy\" width=\"100%\" height=\"450\" src=\"https:\/\/www.youtube.com\/embed\/5V49uxdcs_I\" title=\"YouTube video player\" frameborder=\"0\" allow=\"accelerometer; autoplay; clipboard-write; encrypted-media; gyroscope; picture-in-picture; web-share\" allowfullscreen><\/iframe>\n\n\n\n<p>\u0410fter the visitors leave the capsule, they are asked to \u201csend\u201d a message into the future in form of a voice-recorded input. The visitors also have the opportunity to write a postcard to someone they know with a message on how they can help prevent the climate apocalypse. The postcard is then left in a postbox and is physically sent to the written address by CPN. This additional element prevents the visitors from leaving with negative thoughts and emphasizes the importance of taking action.<\/p>\n\n\n\n<p>The Climate Capsule was designed as an experimental approach that would regularly be reexamined through reflective practice, changing its form, content and program until 2030. Its focus is on observing and reviewing the implementation of the United Nations\u2019 Sustainable Development Goals, as a global and generally-accepted mechanism for achieving a more sustainable and the only possible future.<\/p>\n\n\n\n<p>The capsule will be installed in \u0430t least ten countries of Southeast Europe by 2026, as part of the <em>Climateurope2 Project.<\/em><\/p>\n\n\n\n<p>The creative team behind the Climate capsule:<\/p>\n\n\n\n<ul class=\"wp-block-list\">\n<li>Dobrivoje Lale Eri\u0107, CPN - concept and project formation<\/li>\n\n\n\n<li>dr Marjana Brki\u0107, CPN - program and creative direction<\/li>\n\n\n\n<li>\u041c\u0438\u0440\u0458\u0430\u043d\u0430 \u0423\u0442\u0432\u0438\u045b, \u0426\u041f\u041d &#8211; \u043a\u0440\u0435\u0430\u0442\u0438\u0432\u043d\u0430 \u0434\u0438\u0440\u0435\u043a\u0446\u0438\u0458\u0430, \u0441\u0446\u0435\u043d\u043e\u0433\u0440\u0430\u0444\u0438\u0458\u0430&nbsp; \u0438 \u043f\u0440\u043e\u0434\u0443\u043a\u0446\u0438\u0458\u0430<\/li>\n\n\n\n<li>Prof. dr Vladimir \u0110ur\u0111evi\u0107, Fizi\u010dki fakultet Univerziteta u Beogradu - scientific concept and review<\/li>\n\n\n\n<li>Nenad Gaji\u0107 - creator of the kinetic sculpture<\/li>\n\n\n\n<li>dr um. Marko Stojanovi\u0107 - composition and sound design&nbsp;<\/li>\n\n\n\n<li>Monika Lang - visual identity and illustration<\/li>\n\n\n\n<li>Filip Miki\u0107 - video documentation and edit<\/li>\n\n\n\n<li>Petar Brki\u0107 - narator<\/li>\n\n\n\n<li>Vasja Stankovi\u0107 - dramaturgy<\/li>\n\n\n\n<li>Stevan Golubovi\u0107 - programing<\/li>\n<\/ul>\n\n\n\n<div style=\"height:50px\" aria-hidden=\"true\" class=\"wp-block-spacer\"><\/div>\n\n\n<ul class=\"wp-block-latest-posts__list is-grid columns-3 kapsula-vesti wp-block-latest-posts\"><li><a class=\"wp-block-latest-posts__post-title\" href=\"https:\/\/int.cpn.edu.rs\/en\/putujuca-klimatska-akcija-u-svilajncu\/\">\u041f\u0443\u0442\u0443\u0458\u0443\u045b\u0430 \u043a\u043b\u0438\u043c\u0430\u0442\u0441\u043a\u0430 \u0430\u043a\u0446\u0438\u0458\u0430 \u0443 \u0421\u0432\u0438\u043b\u0430\u0458\u043d\u0446\u0443<\/a><div class=\"wp-block-latest-posts__post-full-content\"><!-- wp:image {\"sizeSlug\":\"large\"} -->\n<figure class=\"wp-block-image size-large\"><img decoding=\"async\" src=\"https:\/\/www.cpn.edu.rs\/wp-content\/uploads\/2025\/10\/52239786766_5eba6fa928_o-1536x1024-1.jpg\" alt=\"\" \/><\/figure>\n<!-- \/wp:image -->\n\n<!-- wp:paragraph {\"fontSize\":\"small\"} -->\n<p class=\"has-small-font-size\"><a href=\"https:\/\/www.cpn.edu.rs\/putujuca-klimatska-akcija-u-svilajncu\/\" target=\"_blank\" rel=\"noreferrer noopener\">\u0423 \u043e\u043a\u0432\u0438\u0440\u0443 \u043e\u0432\u043e\u0433\u043e\u0434\u0438\u0448\u045a\u0435\u0433 \u043f\u0440\u043e\u0433\u0440\u0430\u043c\u0430 \u0415\u0432\u0440\u043e\u043f\u0441\u043a\u0435 \u043d\u043e\u045b\u0438 \u0438\u0441\u0442\u0440\u0430\u0436\u0438\u0432\u0430\u0447\u0430, \u0458\u0435\u0434\u043d\u043e\u0433 \u043e\u0434 \u043d\u0430\u0458\u0432\u0435\u045b\u0438\u0445 \u0434\u043e\u0433\u0430\u0452\u0430\u0458\u0430 \u043f\u043e\u0441\u0432\u0435\u045b\u0435\u043d\u0438\u0445 \u043f\u043e\u043f\u0443\u043b\u0430\u0440\u0438\u0437\u0430\u0446\u0438\u0458\u0438 \u043d\u0430\u0443\u043a\u0435 \u0443 \u0415\u0432\u0440\u043e\u043f\u0438, \u041f\u0443\u0442\u0443\u0458\u0443\u045b\u0430 \u043a\u043b\u0438\u043c\u0430\u0442\u0441\u043a\u0430 \u0430\u043a\u0446\u0438\u0458\u0430 \u2013\u00a0<em>Roadshow<\/em>\u00a0\u0441\u0442\u0438\u0433\u043b\u0430 \u0458\u0435 26. \u0441\u0435\u043f\u0442\u0435\u043c\u0431\u0440\u0430 \u0443 \u041f\u0440\u0438\u0440\u043e\u0434\u045a\u0430\u0447\u043a\u0438 \u0446\u0435\u043d\u0442\u0430\u0440 \u0421\u0432\u0438\u043b\u0430\u0458\u043d\u0430\u0446, \u0433\u0434\u0435 \u0458\u0435 \u043f\u0440\u0435\u0434\u0441\u0442\u0430\u0432\u0459\u0435\u043d\u0430 \u0443 \u043f\u0440\u043e\u0441\u0442\u043e\u0440\u0443 \u041d\u0430\u0443\u0447\u043d\u043e\u0433 \u043a\u043b\u0443\u0431\u0430 \u0426\u0435\u043d\u0442\u0440\u0430 \u0437\u0430 \u043f\u0440\u043e\u043c\u043e\u0446\u0438\u0458\u0443 \u043d\u0430\u0443\u043a\u0435.<\/a><\/p>\n<!-- \/wp:paragraph --><\/div><\/li>\n<li><a class=\"wp-block-latest-posts__post-title\" href=\"https:\/\/int.cpn.edu.rs\/en\/putujuca-klimatska-akcija-u-sarajevu\/\">\u041f\u0443\u0442\u0443\u0458\u0443\u045b\u0430 \u043a\u043b\u0438\u043c\u0430\u0442\u0441\u043a\u0430 \u0430\u043a\u0446\u0438\u0458\u0430 \u0443 \u0421\u0430\u0440\u0430\u0458\u0435\u0432\u0443<\/a><div class=\"wp-block-latest-posts__post-full-content\"><!-- wp:image {\"sizeSlug\":\"large\"} -->\n<figure class=\"wp-block-image size-large\"><img decoding=\"async\" src=\"https:\/\/www.cpn.edu.rs\/wp-content\/uploads\/2024\/10\/KAPSULA1-scaled.jpg\" alt=\"\" \/><\/figure>\n<!-- \/wp:image -->\n\n<!-- wp:paragraph {\"fontSize\":\"small\"} -->\n<p class=\"has-small-font-size\"><a href=\"https:\/\/www.cpn.edu.rs\/putujuca-klimatska-akcija-u-sarajevu\/\" target=\"_blank\" rel=\"noreferrer noopener\">\u0426\u0435\u043d\u0442\u0430\u0440 \u0437\u0430 \u043f\u0440\u043e\u043c\u043e\u0446\u0438\u0458\u0443 \u043d\u0430\u0443\u043a\u0435 \u043d\u0430\u0441\u0442\u0430\u0432\u0438\u043e \u0458\u0435 \u041f\u0443\u0442\u0443\u0458\u0443\u045b\u0443 \u043a\u043b\u0438\u043c\u0430\u0442\u0441\u043a\u0443 \u0430\u043a\u0446\u0438\u0458\u0443 \u2013\u00a0Roadshow, \u043a\u043e\u0458\u0430, \u0443 \u0441\u043a\u043b\u043e\u043f\u0443 \u043f\u0440\u043e\u0458\u0435\u043a\u0442\u0430\u00a0Climateurope2, \u043a\u0440\u043e\u0437 \u0443\u043c\u0435\u0442\u043d\u043e\u0441\u0442 \u0438 \u043d\u0430\u0443\u043a\u0443 \u043f\u0440\u043e\u043c\u043e\u0432\u0438\u0448\u0435 \u043a\u043b\u0438\u043c\u0430\u0442\u0441\u043a\u0435 \u0441\u0435\u0440\u0432\u0438\u0441\u0435 \u0448\u0438\u0440\u043e\u043c \u0440\u0435\u0433\u0438\u043e\u043d\u0430. \u041f\u043e\u0441\u043b\u0435 \u0420\u0438\u0458\u0435\u043a\u0435, \u0422\u0438\u0440\u0430\u043d\u0435 \u0438 \u041a\u043e\u0442\u043e\u0440\u0430, \u043e\u0434 3. \u0434\u043e 5. \u043e\u043a\u0442\u043e\u0431\u0440\u0430, \u041f\u0443\u0442\u0443\u0458\u0443\u045b\u0443 \u043a\u043b\u0438\u043c\u0430\u0442\u0441\u043a\u0443 \u0430\u043a\u0446\u0438\u0458\u0443 \u0443\u0433\u043e\u0441\u0442\u0438\u043b\u043e \u0458\u0435 \u0438 \u0421\u0430\u0440\u0430\u0458\u0435\u0432\u043e.<\/a><\/p>\n<!-- \/wp:paragraph --><\/div><\/li>\n<li><a class=\"wp-block-latest-posts__post-title\" href=\"https:\/\/int.cpn.edu.rs\/en\/putujuca-klimatska-akcija-u-kotoru\/\">\u041f\u0443\u0442\u0443\u0458\u0443\u045b\u0430 \u043a\u043b\u0438\u043c\u0430\u0442\u0441\u043a\u0430 \u0430\u043a\u0446\u0438\u0458\u0430 \u0443 \u041a\u043e\u0442\u043e\u0440\u0443<\/a><div class=\"wp-block-latest-posts__post-full-content\"><!-- wp:image {\"sizeSlug\":\"large\"} -->\n<figure class=\"wp-block-image size-large\"><img decoding=\"async\" src=\"https:\/\/www.cpn.edu.rs\/wp-content\/uploads\/2024\/08\/kaver-scaled.jpg\" alt=\"\" \/><\/figure>\n<!-- \/wp:image -->\n\n<!-- wp:paragraph {\"fontSize\":\"small\"} -->\n<p class=\"has-small-font-size\"><a href=\"https:\/\/www.cpn.edu.rs\/putujucaklimatska-akcija-u-kotoru\/\" target=\"_blank\" rel=\"noreferrer noopener\">\u0426\u0435\u043d\u0442\u0430\u0440 \u0437\u0430 \u043f\u0440\u043e\u043c\u043e\u0446\u0438\u0458\u0443 \u043d\u0430\u0443\u043a\u0435 \u043d\u0430\u0441\u0442\u0430\u0432\u0438\u043e \u0458\u0435 \u041f\u0443\u0442\u0443\u0458\u0443\u045b\u0443 \u043a\u043b\u0438\u043c\u0430\u0442\u0441\u043a\u0443 \u0430\u043a\u0446\u0438\u0458\u0443 \u2013\u00a0Roadshow, \u043a\u043e\u0458\u0430, \u0443 \u0441\u043a\u043b\u043e\u043f\u0443 \u043f\u0440\u043e\u0458\u0435\u043a\u0442\u0430\u00a0Climateurope2, \u043a\u0440\u043e\u0437 \u0443\u043c\u0435\u0442\u043d\u043e\u0441\u0442 \u0438 \u043d\u0430\u0443\u043a\u0443 \u043f\u0440\u043e\u043c\u043e\u0432\u0438\u0448\u0435 \u043a\u043b\u0438\u043c\u0430\u0442\u0441\u043a\u0435 \u0441\u0435\u0440\u0432\u0438\u0441\u0435 \u0448\u0438\u0440\u043e\u043c \u0440\u0435\u0433\u0438\u043e\u043d\u0430. \u041f\u043e\u0441\u043b\u0435 \u0420\u0438\u0458\u0435\u043a\u0435 \u0438 \u0422\u0438\u0440\u0430\u043d\u0435, \u043e\u0434 11. \u0434\u043e 14. \u0430\u0432\u0433\u0443\u0441\u0442\u0430, \u041f\u0443\u0442\u0443\u0458\u0443\u045b\u0443 \u043a\u043b\u0438\u043c\u0430\u0442\u0441\u043a\u0443 \u0430\u043a\u0446\u0438\u0458\u0443 \u0443\u0433\u043e\u0441\u0442\u0438\u043e \u0458\u0435 \u041a\u043e\u0442\u043e\u0440.<\/a><\/p>\n<!-- \/wp:paragraph --><\/div><\/li>\n<\/ul>","protected":false},"excerpt":{"rendered":"<p>K\u043b\u0438\u043c\u0430\u0442\u0441\u043a\u0430 \u043a\u0430\u043f\u0441\u0443\u043b\u0430 \u0458\u0435 \u0435\u043a\u0441\u043f\u0435\u0440\u0438\u043c\u0435\u043d\u0442\u0430\u043b\u043d\u0430, \u043c\u043e\u0431\u0438\u043b\u043d\u0430 \u0438 \u043c\u043e\u0434\u0443\u043b\u0430\u0440\u043d\u0430 \u0438\u043d\u0441\u0442\u0430\u043b\u0430\u0446\u0438\u0458\u0430 \u0437\u0430\u043c\u0438\u0448\u0459\u0435\u043d\u0430 \u043a\u0430\u043e \u0438\u043d\u0442\u0435\u043d\u0437\u0438\u0432\u043d\u043e \u0438\u0441\u043a\u0443\u0441\u0442\u0432\u043e \u043a\u043e\u0458\u0435 \u043a\u0440\u043e\u0437 \u043d\u0430\u0443\u0447\u043d\u0435 \u0447\u0438\u045a\u0435\u043d\u0438\u0446\u0435, \u0443\u043c\u0435\u0442\u043d\u0438\u0447\u043a\u0435 \u0438\u043d\u0442\u0435\u0440\u0432\u0435\u043d\u0446\u0438\u0458\u0435 \u0438 \u043c\u0443\u043b\u0442\u0438\u043c\u0435\u0434\u0438\u0458\u0430\u043b\u043d\u0435 [&hellip;]<\/p>\n","protected":false},"author":3,"featured_media":0,"parent":0,"menu_order":38,"comment_status":"closed","ping_status":"closed","template":"","meta":{"footnotes":""},"categories":[],"tags":[],"class_list":["post-3640","page","type-page","status-publish","hentry"],"_links":{"self":[{"href":"https:\/\/int.cpn.edu.rs\/en\/wp-json\/wp\/v2\/pages\/3640","targetHints":{"allow":["GET"]}}],"collection":[{"href":"https:\/\/int.cpn.edu.rs\/en\/wp-json\/wp\/v2\/pages"}],"about":[{"href":"https:\/\/int.cpn.edu.rs\/en\/wp-json\/wp\/v2\/types\/page"}],"author":[{"embeddable":true,"href":"https:\/\/int.cpn.edu.rs\/en\/wp-json\/wp\/v2\/users\/3"}],"replies":[{"embeddable":true,"href":"https:\/\/int.cpn.edu.rs\/en\/wp-json\/wp\/v2\/comments?post=3640"}],"version-history":[{"count":4,"href":"https:\/\/int.cpn.edu.rs\/en\/wp-json\/wp\/v2\/pages\/3640\/revisions"}],"predecessor-version":[{"id":5447,"href":"https:\/\/int.cpn.edu.rs\/en\/wp-json\/wp\/v2\/pages\/3640\/revisions\/5447"}],"wp:attachment":[{"href":"https:\/\/int.cpn.edu.rs\/en\/wp-json\/wp\/v2\/media?parent=3640"}],"wp:term":[{"taxonomy":"category","embeddable":true,"href":"https:\/\/int.cpn.edu.rs\/en\/wp-json\/wp\/v2\/categories?post=3640"},{"taxonomy":"post_tag","embeddable":true,"href":"https:\/\/int.cpn.edu.rs\/en\/wp-json\/wp\/v2\/tags?post=3640"}],"curies":[{"name":"wp","href":"https:\/\/api.w.org\/{rel}","templated":true}]}}