{"id":2749,"date":"2020-12-04T12:08:51","date_gmt":"2020-12-04T11:08:51","guid":{"rendered":"http:\/\/eu.cpn.rs\/?page_id=2749\/"},"modified":"2022-08-05T14:15:50","modified_gmt":"2022-08-05T12:15:50","slug":"rri-tools","status":"publish","type":"page","link":"https:\/\/int.cpn.edu.rs\/en\/rri-tools\/","title":{"rendered":"RRI Tools"},"content":{"rendered":"<div class=\"wp-block-columns is-layout-flex wp-container-core-columns-is-layout-9d6595d7 wp-block-columns-is-layout-flex\">\n<div class=\"wp-block-column is-layout-flow wp-block-column-is-layout-flow\" style=\"flex-basis:33.33%\">\n<figure class=\"wp-block-image size-large\"><img decoding=\"async\" src=\"https:\/\/int.cpn.edu.rs\/wp-content\/uploads\/2017\/09\/rri_Tools.jpg\" alt=\"\"\/><\/figure>\n<\/div>\n\n\n\n<div class=\"wp-block-column is-layout-flow wp-block-column-is-layout-flow\" style=\"flex-basis:66.66%\" id=\"uvod\">\n<h5 class=\"wp-block-heading\"><em><strong>Tools for Responsible Research and Innovation<\/strong><\/em><\/h5>\n\n\n\n<p>The main idea behind the RRI Tools: Tools for Responsible Research and Innovation project is improving the dialogue between science and the society in order to encourage and empower research and innovation which would be in line with the values and needs of that society.<\/p>\n<\/div>\n<\/div>\n\n\n\n<div class=\"wp-block-columns is-layout-flex wp-container-core-columns-is-layout-9d6595d7 wp-block-columns-is-layout-flex\">\n<div class=\"wp-block-column is-layout-flow wp-block-column-is-layout-flow\">\n<h5 class=\"wp-block-heading\"><strong>Project Information<\/strong><\/h5>\n\n\n\n<p>Source of Funding: FP7 European Commission Programme<\/p>\n\n\n\n<p>Project Duration: 01\/2014 \u2013 12\/2016<\/p>\n\n\n\n<p>Project Website: <a rel=\"noreferrer noopener\" href=\"http:\/\/www.rri-tools.eu\/\" target=\"_blank\">www.rri-tools.eu<\/a><\/p>\n\n\n\n<p>K\u043e\u043d\u0442\u0430\u043a\u0442: \u0414\u043e\u0431\u0440\u0438\u0432\u043e\u0458\u0435 \u041b\u0430\u043b\u0435 \u0415\u0440\u0438\u045b&nbsp;\u2013 <a href=\"mailto:dleric@cpn.rs\">dleric@cpn.rs<\/a><\/p>\n\n\n\n<h5 class=\"wp-block-heading\"><strong>Coordinator<\/strong><\/h5>\n\n\n\n<p><em>&#8222;la Caixa&#8220; Foundation<\/em>, Spain<\/p>\n<\/div>\n\n\n\n<div class=\"wp-block-column is-layout-flow wp-block-column-is-layout-flow\">\n<h5 class=\"wp-block-heading\"><strong>Partners<\/strong><\/h5>\n\n\n\n<p><em>IrsiCaixa, <\/em>Spain<\/p>\n\n\n\n<p><em>Athena Institute, Free University of Amsterdam<\/em>, Netherlands<\/p>\n\n\n\n<p><em>Ecsite, <\/em>Belgium<\/p>\n\n\n\n<p><em>University College London<\/em>, Great Britain<\/p>\n\n\n\n<p><em>Zentrum fuer soziale innovation<\/em>, Austria<\/p>\n\n\n\n<p><em>EuroScience<\/em>, France<\/p>\n\n\n\n<p><em>Ci\u00eancia Viva \u2013 Ag\u00eancia Nacional para a Cultura Cient\u00edfica e Tecnol\u00f3gica, <\/em>Portugal<\/p>\n\n\n\n<p><em>The European Business and Innovation Centre Network,<\/em> Belgium<\/p>\n\n\n\n<p><em>European foundation centre<\/em>, Belgium<\/p>\n\n\n\n<p><em>European School Network<\/em>, Belgium<\/p>\n\n\n\n<p><em>European business and innovation centre network<\/em>, Belgium<\/p>\n\n\n\n<p><\/p>\n<\/div>\n\n\n\n<div class=\"wp-block-column is-layout-flow wp-block-column-is-layout-flow\">\n<p><em>Bonn Science Shop, <\/em>Germany<\/p>\n\n\n\n<p><em>Fondazione Caripio<\/em>, Italy<\/p>\n\n\n\n<p><em>King Baudouin Foundation<\/em>, Belgium<\/p>\n\n\n\n<p><em>Fundacja na rzecz nauki polskiej, <\/em>Poland<\/p>\n\n\n\n<p><em>Everis<\/em>, Spain<\/p>\n\n\n\n<p><em>Experimentarium<\/em>, Denmark<\/p>\n\n\n\n<p><em>AHHAA Science Center<\/em>, Estonia<\/p>\n\n\n\n<p><em>Ellinogermaniki agogi<\/em>, Greece<\/p>\n\n\n\n<p><em>Mobilis Science Center<\/em>, Hungary<\/p>\n\n\n\n<p><em>Science animation midi-pyrenees<\/em>, France<\/p>\n\n\n\n<p><em>Techmania Science Center<\/em>, Czech Republic<\/p>\n\n\n\n<p><em>Science Gallery Dublin, <\/em>Ireland<\/p>\n\n\n\n<p><em>The Ruse Chamber of Commerce and Industry Association<\/em>, Bulgaria<\/p>\n\n\n\n<p><em>Vetenskap &amp; Allm\u00e4nhet<\/em>, Sweden<\/p>\n\n\n\n<p>Center for the Promotion of Science, Serbia<\/p>\n<\/div>\n<\/div>\n\n\n\n<h5 class=\"wp-block-heading\"><strong>Project Description<\/strong><\/h5>\n\n\n\n<p class=\"translation-block\">Every day we are faced with numerous challenges such as climate change, unbalanced consumption of natural resources, the health of the population and migrations, research and innovation influence all of these challenges and their contribution to overcoming them is crucial. In order to encourage and strengthen research and innovation which are able to respond to society\u2019s challenges in a sustainable and ethical manner, the European Commission is increasingly emphasising the concept of Responsible Research and Innovation (RRI). The objective of the RRI Tools project is to provide methods for greater public involvement in the process of research and innovation, as well as better coordination between the different groups of stakeholders (science, research and education communities, policy makers, civil society organisations and businesses).<\/p>\n\n\n\n<p>After the analysis of the current European research practice, defining the RRI criteria and researching the needs of all stakeholders, a final product in shape of a toolkit for the implementation of this concept was designed \u2013 RRI Toolkit. RRI Toolkit represents an Internet platform with an abundance of resources \u2013 examples of good practice, guides, manuals, catalogues, databases, results and documents from numerous European and even global projects. The goal of this platform is to assist all stakeholders in the realisation of the Responsible Research and Innovation idea.  In the last phase of the project, during 2016, training courses, workshops, debates and other activities aimed at the promotion of the Responsible Research and Innovation concept and education of all stakeholders on how to use the RRI Toolkit in practice, will be organised across Europe. <em>RRI<\/em> \u043a\u0440\u0438\u0442\u0435\u0440\u0438j\u0443\u043c\u0430 \u0438 \u0438\u0441\u043f\u0438\u0442\u0438\u0432\u0430\u045a\u0430 \u043f\u043e\u0442\u0440\u0435\u0431\u0430 \u0437\u0430\u0438\u043d\u0442\u0435\u0440\u0435\u0441\u043e\u0432\u0430\u043d\u0438\u0445 \u0441\u0442\u0440\u0430\u043d\u0430, \u043a\u0430\u043e \u0444\u0438\u043d\u0430\u043b\u043d\u0438 \u043f\u0440\u043e\u0438\u0437\u0432\u043e\u0434 \u043f\u0440\u043ej\u0435\u043a\u0442\u0430 \u043a\u0440\u0435\u0438\u0440\u0430\u043d \u0458\u0435 \u0441\u0435\u0442 \u0430\u043b\u0430\u0442\u0430 (\u0435\u043d\u0433\u043b. <em>RRI \u0422oolkit<\/em>) \u0437\u0430 \u043f\u0440\u0438\u043c\u0435\u043d\u0443 \u043e\u0432\u043e\u0433 \u043a\u043e\u043d\u0446\u0435\u043f\u0442\u0430. \u0423 \u043f\u0438\u0442\u0430\u045a\u0443 \u0458\u0435 \u0438\u043d\u0442\u0435\u0440\u043d\u0435\u0442 \u043f\u043b\u0430\u0442\u0444\u043e\u0440\u043c\u0430 \u0441\u0430 \u043e\u0431\u0438\u0459\u0435\u043c \u0440\u0435\u0441\u0443\u0440\u0441\u0430 \u2013 \u043f\u0440\u0438\u043c\u0435\u0440\u0430 \u0434\u043e\u0431\u0440\u0438\u0445 \u043f\u0440\u0430\u043a\u0441\u0438, \u0432\u043e\u0434\u0438\u0447\u0430, \u0443\u043f\u0443\u0442\u0441\u0442\u0430\u0432\u0430, \u043a\u0430\u0442\u0430\u043b\u043e\u0433\u0430, \u0431\u0430\u0437\u0430 \u043f\u043e\u0434\u0430\u0442\u0430\u043a\u0430, \u0440\u0435\u0437\u0443\u043b\u0442\u0430\u0442\u0430 \u0438 \u0434\u043e\u043a\u0443\u043c\u0435\u043d\u0430\u0442\u0430 \u0431\u0440\u043e\u0458\u043d\u0438\u0445 \u0435\u0432\u0440\u043e\u043f\u0441\u043a\u0438\u0445 \u043f\u0430 \u0438 \u0433\u043b\u043e\u0431\u0430\u043b\u043d\u0438\u0445 \u043f\u0440\u043ej\u0435\u043a\u0430\u0442\u0430, \u043a\u043ej\u0430 \u0438\u043c\u0430 \u0437\u0430 \u0446\u0438\u0459 \u0434\u0430 \u0441\u0432\u0438\u043c \u0437\u0430\u0438\u043d\u0442\u0435\u0440\u0435\u0441\u043e\u0432\u0430\u043d\u0438\u043c \u0441\u0442\u0440\u0430\u043d\u0430\u043c\u0430 \u043f\u043e\u043c\u043e\u0433\u043d\u0435 \u0443 \u0440\u0435\u0430\u043b\u0438\u0437\u0430\u0446\u0438j\u0438 \u0438\u0434\u0435j\u0435 \u043e \u043e\u0434\u0433\u043e\u0432\u043e\u0440\u043d\u043e\u043c \u0438\u0441\u0442\u0440\u0430\u0436\u0438\u0432\u0430\u045a\u0443 \u0438 \u0438\u043d\u043e\u0432\u0430\u0446\u0438j\u0430\u043c\u0430. \u0423 \u043f\u043e\u0441\u043b\u0435\u0434\u045a\u043ej \u0444\u0430\u0437\u0438 \u043f\u0440\u043ej\u0435\u043a\u0442\u0430, \u0442\u043e\u043a\u043e\u043c 2016. \u0433\u043e\u0434\u0438\u043d\u0435, \u0448\u0438\u0440\u043e\u043c \u0415\u0432\u0440\u043e\u043f\u0435 \u0441\u0435 \u0441\u043f\u0440\u043e\u0432\u043e\u0434\u0435 \u0442\u0440\u0435\u043d\u0438\u043d\u0437\u0438, \u0440\u0430\u0434\u0438\u043e\u043d\u0438\u0446\u0435, \u0434\u0435\u0431\u0430\u0442\u0435 \u0438 \u0434\u0440\u0443\u0433\u0435 \u0430\u043a\u0442\u0438\u0432\u043d\u043e\u0441\u0442\u0438 \u043a\u043ej\u0435 \u0437\u0430 \u0446\u0438\u0459 \u0438\u043c\u0430j\u0443 \u0437\u0430\u0441\u0442\u0443\u043f\u0430\u045a\u0435 \u0438\u0434\u0435j\u0435 \u043e \u043e\u0434\u0433\u043e\u0432\u043e\u0440\u043d\u043e\u043c \u0438\u0441\u0442\u0440\u0430\u0436\u0438\u0432\u0430\u045a\u0443 \u0438 \u0438\u043d\u043e\u0432\u0430\u0446\u0438j\u0430\u043c\u0430 \u0438 \u0442\u0440\u0435\u043d\u0438\u0440\u0430\u045a\u0435 \u0441\u0432\u0438\u0445 \u0437\u0430\u0438\u043d\u0442\u0435\u0440\u0435\u0441\u043e\u0432\u0430\u043d\u0438\u0445 \u0430\u043a\u0442\u0435\u0440\u0430 \u0437\u0430 \u0431\u0443\u0434\u0443\u045b\u0443 \u043f\u0440\u0438\u043c\u0435\u043d\u0443 \u043e\u0432\u043e\u0433 \u0430\u043b\u0430\u0442\u0430 \u0443 \u043f\u0440\u0430\u043a\u0441\u0438.<\/p>\n\n\n\n<h3 class=\"wp-block-heading translation-block\">The Role of CPN<\/h3>\n\n\n\n<p class=\"translation-block\">The Centre for the Promotion of Science is the regional centre of this project and coordinator of all activities organised in five countries of the South-eastern Europe \u2013 Croatia, Montenegro, Albania, Bosnia and Herzegovina, and Serbia. During 2016, in Serbia and other countries in the region, CPN together with its local partners and public institutions organised and implemented numerous training courses, workshops, panels, and presentations dedicated to the principles of the Responsible Research and Innovation and possibilities of using the RRI Toolkit.<\/p>","protected":false},"excerpt":{"rendered":"<p>Tools for Responsible Research and Innovation \u041e\u0441\u043d\u043e\u0432\u043d\u0430 \u0438\u0434\u0435j\u0430 \u043a\u043ej\u0430 \u0441\u0442\u043ej\u0438 \u0438\u0437\u0430 \u043f\u0440\u043ej\u0435\u043a\u0442\u0430 RRI Tools \u2013 \u0421\u0435\u0442 \u0430\u043b\u0430\u0442\u0430 \u0437\u0430 \u043e\u0434\u0433\u043e\u0432\u043e\u0440\u043d\u043e \u0438\u0441\u0442\u0440\u0430\u0436\u0438\u0432\u0430\u045a\u0435 [&hellip;]<\/p>\n","protected":false},"author":3,"featured_media":561,"parent":0,"menu_order":76,"comment_status":"closed","ping_status":"closed","template":"","meta":{"footnotes":""},"categories":[32,28],"tags":[],"class_list":["post-2749","page","type-page","status-publish","has-post-thumbnail","hentry","category-fp7","category-realizovani"],"_links":{"self":[{"href":"https:\/\/int.cpn.edu.rs\/en\/wp-json\/wp\/v2\/pages\/2749","targetHints":{"allow":["GET"]}}],"collection":[{"href":"https:\/\/int.cpn.edu.rs\/en\/wp-json\/wp\/v2\/pages"}],"about":[{"href":"https:\/\/int.cpn.edu.rs\/en\/wp-json\/wp\/v2\/types\/page"}],"author":[{"embeddable":true,"href":"https:\/\/int.cpn.edu.rs\/en\/wp-json\/wp\/v2\/users\/3"}],"replies":[{"embeddable":true,"href":"https:\/\/int.cpn.edu.rs\/en\/wp-json\/wp\/v2\/comments?post=2749"}],"version-history":[{"count":4,"href":"https:\/\/int.cpn.edu.rs\/en\/wp-json\/wp\/v2\/pages\/2749\/revisions"}],"predecessor-version":[{"id":3836,"href":"https:\/\/int.cpn.edu.rs\/en\/wp-json\/wp\/v2\/pages\/2749\/revisions\/3836"}],"wp:featuredmedia":[{"embeddable":true,"href":"https:\/\/int.cpn.edu.rs\/en\/wp-json\/wp\/v2\/media\/561"}],"wp:attachment":[{"href":"https:\/\/int.cpn.edu.rs\/en\/wp-json\/wp\/v2\/media?parent=2749"}],"wp:term":[{"taxonomy":"category","embeddable":true,"href":"https:\/\/int.cpn.edu.rs\/en\/wp-json\/wp\/v2\/categories?post=2749"},{"taxonomy":"post_tag","embeddable":true,"href":"https:\/\/int.cpn.edu.rs\/en\/wp-json\/wp\/v2\/tags?post=2749"}],"curies":[{"name":"wp","href":"https:\/\/api.w.org\/{rel}","templated":true}]}}