{"id":2664,"date":"2020-12-02T22:29:31","date_gmt":"2020-12-02T21:29:31","guid":{"rendered":"http:\/\/eu.cpn.rs\/?page_id=2664\/"},"modified":"2022-08-05T13:51:09","modified_gmt":"2022-08-05T11:51:09","slug":"cool-and-hot","status":"publish","type":"page","link":"https:\/\/int.cpn.edu.rs\/en\/cool-and-hot\/","title":{"rendered":"COOL and HOT"},"content":{"rendered":"<div class=\"wp-block-columns is-layout-flex wp-container-core-columns-is-layout-9d6595d7 wp-block-columns-is-layout-flex\">\n<div class=\"wp-block-column is-layout-flow wp-block-column-is-layout-flow\" style=\"flex-basis:33.33%\">\n<figure class=\"wp-block-image size-large\"><img decoding=\"async\" src=\"https:\/\/int.cpn.edu.rs\/wp-content\/uploads\/2017\/09\/Noc_Istrazivaca.jpg\" alt=\"\"\/><\/figure>\n<\/div>\n\n\n\n<div class=\"wp-block-column is-layout-flow wp-block-column-is-layout-flow\" style=\"flex-basis:66.66%\" id=\"uvod\">\n<h5 class=\"wp-block-heading\"><strong><em>Researchers\u2019 Night project<\/em><\/strong><\/h5>\n\n\n\n<p class=\"translation-block\">The goals of COOLandHOT project are to break down and demystify permanent and repeated stereotypes about researchers, to showcase the real scientists working in Serbia and to involve them in the project in order to increase their visibility in society. At the same time, this promotes research in Serbia and reveals the motives to become a researcher, which can attract young people to engage in scientific careers. It is also important to raise public awareness about the contribution of researchers to progress and development, but also on current problems and challenges in the society, such as climate change and global warming.<\/p>\n<\/div>\n<\/div>\n\n\n\n<div class=\"wp-block-columns is-layout-flex wp-container-core-columns-is-layout-9d6595d7 wp-block-columns-is-layout-flex\">\n<div class=\"wp-block-column is-layout-flow wp-block-column-is-layout-flow\">\n<h5 class=\"wp-block-heading\"><strong>Project Information<\/strong><\/h5>\n\n\n\n<p>Grant agreement: European Commission Horizon 2020 programme, Marie Curie subprogramme<\/p>\n\n\n\n<p>Project Duration: 05\/2016 \u2013 12\/2017<\/p>\n\n\n\n<p>Project Website: <a href=\"http:\/\/www.nocistrazivaca.rs\"><u>nocistrazivaca.rs<\/u><\/a><\/p>\n\n\n\n<p>Contact: Danijela Vu\u010di\u0107evi\u0107 \u2013 <a href=\"mailto:dvucicevic@cpn.rs\" class=\"ek-link\"><u>dvucicevic@cpn.rs<\/u><\/a><\/p>\n<\/div>\n\n\n\n<div class=\"wp-block-column is-layout-flow wp-block-column-is-layout-flow\">\n<h5 class=\"wp-block-heading\"><strong>Coordinator<\/strong><\/h5>\n\n\n\n<p>University of Novi Sad, Faculty of Technical Sciences<\/p>\n\n\n\n<h5 class=\"wp-block-heading\"><strong>Partners<\/strong><\/h5>\n\n\n\n<p>Technical college of vocational studies in Zrenjanin<\/p>\n\n\n\n<p>Association of Science Communicators<\/p>\n\n\n\n<p>Creative Educational Center<\/p>\n\n\n\n<p>Center for the Promotion of Science<\/p>\n<\/div>\n<\/div>\n\n\n\n<h5 class=\"wp-block-heading\"><strong>Project Description<\/strong><\/h5>\n\n\n\n<p class=\"translation-block\">The COOLandHOT Project connects and unites the faces, voices, results and energy of many generations of researchers, presenting and indeed showcasing them to the public, regardless of age and scientific education. It is a unique opportunity for all visitors to get up close and personal with researchers. Particular emphasis in this project is placed on inspiring and motivating the next generation of researchers. Since young people are attracted to what is \u201cHOT\u201d and what is \u201cCOOL\u201d, the focus of the project is on specific sciences and researchers.<\/p>\n\n\n\n<h5 class=\"wp-block-heading translation-block\">The Role of CPN<\/h5>\n\n\n\n<p>The CPN runs the work package 1, under which preparatory and promotional activities are carried out. Most of the promotional activities relate to the organization of visits of the Science Truck to cities in Vojvodina, as traveling laboratory, classroom and space for workshops and panels. The main role is to promote the project and its goals among as many people as possible, and to attract future participants through dedicated programmes. Key activities are primarily intended for children and young people who are yet to choose their careers \u2013 possibly in science!<\/p>","protected":false},"excerpt":{"rendered":"<p>Researchers\u2019 Night project \u0426\u0438\u0459\u0435\u0432\u0438&nbsp;COOLandHOT&nbsp;\u043f\u0440\u043e\u0458\u0435\u043a\u0442\u0430 \u0441\u0443 \u0434\u0430 \u0440\u0430\u0437\u0431\u0438\u0458\u0435 \u0438 \u0434\u0435\u043c\u0438\u0441\u0442\u0438\u0444\u0438\u043a\u0443\u0458\u0435 \u0441\u0442\u0430\u043b\u043d\u0435 \u0438 \u043f\u043e\u043d\u043e\u0432\u0459\u0435\u043d\u0435 \u0441\u0442\u0435\u0440\u0435\u043e\u0442\u0438\u043f\u0435 \u043e \u0438\u0441\u0442\u0440\u0430\u0436\u0438\u0432\u0430\u0447\u0438\u043c\u0430, \u0434\u0430 \u043f\u0440\u0438\u043a\u0430\u0436\u0435 \u0441\u0442\u0432\u0430\u0440\u043d\u0435 \u043d\u0430\u0443\u0447\u043d\u0438\u043a\u0435 \u043a\u043e\u0458\u0438 [&hellip;]<\/p>\n","protected":false},"author":3,"featured_media":558,"parent":0,"menu_order":67,"comment_status":"closed","ping_status":"closed","template":"","meta":{"footnotes":""},"categories":[29,28],"tags":[],"class_list":["post-2664","page","type-page","status-publish","has-post-thumbnail","hentry","category-horizont2020","category-realizovani"],"_links":{"self":[{"href":"https:\/\/int.cpn.edu.rs\/en\/wp-json\/wp\/v2\/pages\/2664","targetHints":{"allow":["GET"]}}],"collection":[{"href":"https:\/\/int.cpn.edu.rs\/en\/wp-json\/wp\/v2\/pages"}],"about":[{"href":"https:\/\/int.cpn.edu.rs\/en\/wp-json\/wp\/v2\/types\/page"}],"author":[{"embeddable":true,"href":"https:\/\/int.cpn.edu.rs\/en\/wp-json\/wp\/v2\/users\/3"}],"replies":[{"embeddable":true,"href":"https:\/\/int.cpn.edu.rs\/en\/wp-json\/wp\/v2\/comments?post=2664"}],"version-history":[{"count":4,"href":"https:\/\/int.cpn.edu.rs\/en\/wp-json\/wp\/v2\/pages\/2664\/revisions"}],"predecessor-version":[{"id":3802,"href":"https:\/\/int.cpn.edu.rs\/en\/wp-json\/wp\/v2\/pages\/2664\/revisions\/3802"}],"wp:featuredmedia":[{"embeddable":true,"href":"https:\/\/int.cpn.edu.rs\/en\/wp-json\/wp\/v2\/media\/558"}],"wp:attachment":[{"href":"https:\/\/int.cpn.edu.rs\/en\/wp-json\/wp\/v2\/media?parent=2664"}],"wp:term":[{"taxonomy":"category","embeddable":true,"href":"https:\/\/int.cpn.edu.rs\/en\/wp-json\/wp\/v2\/categories?post=2664"},{"taxonomy":"post_tag","embeddable":true,"href":"https:\/\/int.cpn.edu.rs\/en\/wp-json\/wp\/v2\/tags?post=2664"}],"curies":[{"name":"wp","href":"https:\/\/api.w.org\/{rel}","templated":true}]}}