{"id":2657,"date":"2020-12-02T22:20:34","date_gmt":"2020-12-02T21:20:34","guid":{"rendered":"http:\/\/eu.cpn.rs\/?page_id=2657\/"},"modified":"2022-08-05T13:49:29","modified_gmt":"2022-08-05T11:49:29","slug":"refocus","status":"publish","type":"page","link":"https:\/\/int.cpn.edu.rs\/en\/refocus\/","title":{"rendered":"ReFocuS"},"content":{"rendered":"<div class=\"wp-block-columns is-layout-flex wp-container-core-columns-is-layout-9d6595d7 wp-block-columns-is-layout-flex\">\n<div class=\"wp-block-column is-layout-flow wp-block-column-is-layout-flow\" style=\"flex-basis:33.33%\">\n<figure class=\"wp-block-image size-large\"><img decoding=\"async\" src=\"https:\/\/int.cpn.edu.rs\/wp-content\/uploads\/2017\/09\/Noc_Istrazivaca.jpg\" alt=\"\"\/><\/figure>\n<\/div>\n\n\n\n<div class=\"wp-block-column is-layout-flow wp-block-column-is-layout-flow\" style=\"flex-basis:66.66%\" id=\"uvod\">\n<h5 class=\"wp-block-heading\"><strong><em>Researchers\u2019 Night project<\/em><\/strong><\/h5>\n\n\n\n<p class=\"translation-block\">The goal of the ReFocuS project and the Researchers\u2019 Night concept is to emphasise the importance of science in everyday life, and familiarise wider population with the scientific method and perspective, local researchers and their work. The ultimate goal of this project would be the promotion of the scientific career as a choice for young indecisive students and selection of the scientific research as a profession.<\/p>\n<\/div>\n<\/div>\n\n\n\n<div class=\"wp-block-columns is-layout-flex wp-container-core-columns-is-layout-9d6595d7 wp-block-columns-is-layout-flex\">\n<div class=\"wp-block-column is-layout-flow wp-block-column-is-layout-flow\">\n<h5 class=\"wp-block-heading\"><strong>Project Information<\/strong><\/h5>\n\n\n\n<p>Grant agreement: European Commission Horizon 2020 programme, Marie Curie subprogramme<\/p>\n\n\n\n<p>Project Duration: 05\/2016 \u2013 12\/2017<\/p>\n\n\n\n<p>Project Website: <a href=\"http:\/\/www.nocistrazivaca.rs\/\">nocistrazivaca.rs<\/a><\/p>\n\n\n\n<p>Contact: Danijela Vu\u010di\u0107evi\u0107 \u2013 <a href=\"mailto:dvucicevic@cpn.rs\" class=\"ek-link\">dvucicevic@cpn.rs<\/a><\/p>\n<\/div>\n\n\n\n<div class=\"wp-block-column is-layout-flow wp-block-column-is-layout-flow\">\n<h5 class=\"wp-block-heading\"><strong>Coordinator<\/strong><\/h5>\n\n\n\n<p>Institute for Biological Research \u201cSini\u0161a Stankovi\u0107\u201d<\/p>\n\n\n\n<h5 class=\"wp-block-heading\"><strong>Partners<\/strong><\/h5>\n\n\n\n<p>Faculty of Sciences and Mathematics, University of Ni\u0161<\/p>\n\n\n\n<p>Cultural Heritage Preservation Institute Kragujevac<\/p>\n\n\n\n<p>Center for the Promotion of Science<\/p>\n<\/div>\n<\/div>\n\n\n\n<h5 class=\"wp-block-heading\"><strong>Project Description<\/strong><\/h5>\n\n\n\n<p>The theme of the project is migration, this contemporary framework showcases science and scientists as an open component of the society, whose ideas and results contribute to the economic, social and educational prosperity. The first year is being implemented under the title \u201cRoads\u201d, while the second will be dedicated to \u201cNations\u201d \u2013 these are two inseparable components of migrations. The significance of migrations has been used to indicate the new trends in science and research.  Open science, the mobility of scientist, and the multidisciplinary and international character of projects are all based on migrations, not only sociological but also migrations of knowledge, ideas and experience. The Programme is primarily designed for students of primary and secondary schools, but it is not strictly limited to these age groups.<\/p>\n\n\n\n<h5 class=\"wp-block-heading translation-block\">The Role of CPN<\/h5>\n\n\n\n<p>CPN is managing the Work Package 1 which includes promotional activities and the creation of the visual identity, website and other visual materials.<\/p>\n\n\n\n<p>The majority of promotional activities are connected to the organisation of the Science Truck visits; this truck serves as a travelling laboratory, classroom and space for workshops and panels. In light of the theme of the project, the goal is the migration of scientists from the capital to other parts of Serbia, so the largest possible number of visitors would be able to understand the importance of science and see that scientists are the \u201csame as the rest of us\u201d.<\/p>","protected":false},"excerpt":{"rendered":"<p>The goal of the ReFocuS project and the Researchers\u2019 Night concept is to emphasise the importance of science in everyday life, and familiarise wider population with the scientific method and perspective [\u2026]<\/p>","protected":false},"author":3,"featured_media":558,"parent":0,"menu_order":66,"comment_status":"closed","ping_status":"closed","template":"","meta":{"footnotes":""},"categories":[29,28],"tags":[],"class_list":["post-2657","page","type-page","status-publish","has-post-thumbnail","hentry","category-horizont2020","category-realizovani"],"_links":{"self":[{"href":"https:\/\/int.cpn.edu.rs\/en\/wp-json\/wp\/v2\/pages\/2657","targetHints":{"allow":["GET"]}}],"collection":[{"href":"https:\/\/int.cpn.edu.rs\/en\/wp-json\/wp\/v2\/pages"}],"about":[{"href":"https:\/\/int.cpn.edu.rs\/en\/wp-json\/wp\/v2\/types\/page"}],"author":[{"embeddable":true,"href":"https:\/\/int.cpn.edu.rs\/en\/wp-json\/wp\/v2\/users\/3"}],"replies":[{"embeddable":true,"href":"https:\/\/int.cpn.edu.rs\/en\/wp-json\/wp\/v2\/comments?post=2657"}],"version-history":[{"count":5,"href":"https:\/\/int.cpn.edu.rs\/en\/wp-json\/wp\/v2\/pages\/2657\/revisions"}],"predecessor-version":[{"id":3801,"href":"https:\/\/int.cpn.edu.rs\/en\/wp-json\/wp\/v2\/pages\/2657\/revisions\/3801"}],"wp:featuredmedia":[{"embeddable":true,"href":"https:\/\/int.cpn.edu.rs\/en\/wp-json\/wp\/v2\/media\/558"}],"wp:attachment":[{"href":"https:\/\/int.cpn.edu.rs\/en\/wp-json\/wp\/v2\/media?parent=2657"}],"wp:term":[{"taxonomy":"category","embeddable":true,"href":"https:\/\/int.cpn.edu.rs\/en\/wp-json\/wp\/v2\/categories?post=2657"},{"taxonomy":"post_tag","embeddable":true,"href":"https:\/\/int.cpn.edu.rs\/en\/wp-json\/wp\/v2\/tags?post=2657"}],"curies":[{"name":"wp","href":"https:\/\/api.w.org\/{rel}","templated":true}]}}