{"id":2626,"date":"2020-12-02T21:14:59","date_gmt":"2020-12-02T20:14:59","guid":{"rendered":"http:\/\/eu.cpn.rs\/?page_id=2626\/"},"modified":"2022-08-05T13:41:04","modified_gmt":"2022-08-05T11:41:04","slug":"refocus-2-0","status":"publish","type":"page","link":"https:\/\/int.cpn.edu.rs\/en\/refocus-2-0\/","title":{"rendered":"ReFocuS 2.0"},"content":{"rendered":"<div class=\"wp-block-columns is-layout-flex wp-container-core-columns-is-layout-9d6595d7 wp-block-columns-is-layout-flex\">\n<div class=\"wp-block-column is-layout-flow wp-block-column-is-layout-flow\" style=\"flex-basis:33.33%\">\n<figure class=\"wp-block-image size-large\"><img loading=\"lazy\" decoding=\"async\" width=\"600\" height=\"286\" src=\"https:\/\/int.cpn.edu.rs\/wp-content\/uploads\/2020\/11\/logo-noc-horizontala-600x286.png\" alt=\"\" class=\"wp-image-2474\" srcset=\"https:\/\/int.cpn.edu.rs\/wp-content\/uploads\/2020\/11\/logo-noc-horizontala-600x286.png 600w, https:\/\/int.cpn.edu.rs\/wp-content\/uploads\/2020\/11\/logo-noc-horizontala-300x143.png 300w, https:\/\/int.cpn.edu.rs\/wp-content\/uploads\/2020\/11\/logo-noc-horizontala-150x72.png 150w, https:\/\/int.cpn.edu.rs\/wp-content\/uploads\/2020\/11\/logo-noc-horizontala-768x366.png 768w, https:\/\/int.cpn.edu.rs\/wp-content\/uploads\/2020\/11\/logo-noc-horizontala-1536x732.png 1536w, https:\/\/int.cpn.edu.rs\/wp-content\/uploads\/2020\/11\/logo-noc-horizontala-2048x977.png 2048w\" sizes=\"auto, (max-width: 600px) 100vw, 600px\" \/><\/figure>\n<\/div>\n\n\n\n<div class=\"wp-block-column is-layout-flow wp-block-column-is-layout-flow\" style=\"flex-basis:66.66%\">\n<h5 class=\"wp-block-heading\"><strong><em>European Researchers\u2019 Night project<\/em><\/strong><\/h5>\n\n\n\n<p>Main goal of the \u201cRoad to science on Friday\u201d project (ReFocuS 2.0) is to promote and turn attention towards treasures of cultural heritage and natural resources to the public, but also to emphasize role that community has in preserving and managing those resources. Potential value that cultural heritage has to offer is enormous, and entire community could benefit from it. Following European Union tendencies and guidelines, which recognizes importance of cultural and natural heritage as indicators and accelerators of social development, we are promoting synergy of education, the heritage and sustainable growth to the public.<\/p>\n<\/div>\n<\/div>\n\n\n\n<div class=\"wp-block-columns is-layout-flex wp-container-core-columns-is-layout-9d6595d7 wp-block-columns-is-layout-flex\">\n<div class=\"wp-block-column is-layout-flow wp-block-column-is-layout-flow\">\n<h5 class=\"wp-block-heading\"><strong>Project Information<\/strong><\/h5>\n\n\n\n<p>Grant agreement: European Commission Horizon 2020 programme, Marie Curie subprogramme<\/p>\n\n\n\n<p><br>Implementation period: 05\/2018 \u2013 12\/2019<\/p>\n\n\n\n<p><br>Website: <a rel=\"noreferrer noopener\" href=\"http:\/\/nocistrazivaca.rs\" data-type=\"URL\" data-id=\"nocistrazivaca.rs\" target=\"_blank\">nocistrazivaca.rs<\/a><\/p>\n\n\n\n<p><br>Contact: Danijela Vu\u010di\u0107evi\u0107 \u2013 <a rel=\"noreferrer noopener\" href=\"mailto:dvucicevic@cpn.rs\" target=\"_blank\">dvucicevic@cpn.rs<\/a><\/p>\n<\/div>\n\n\n\n<div class=\"wp-block-column is-layout-flow wp-block-column-is-layout-flow\">\n<h5 class=\"wp-block-heading\"><strong>Coordinator<\/strong><\/h5>\n\n\n\n<p>Faculty of Sciences and Mathematics, University of Ni\u0161<\/p>\n\n\n\n<h5 class=\"wp-block-heading\"><strong>Partners<\/strong><\/h5>\n\n\n\n<p>Institute for Biological Research \u201cSini\u0161a Stankovi\u0107\u201d<\/p>\n\n\n\n<p><br>Cultural Heritage Preservation Institute Kragujevac<\/p>\n\n\n\n<p><br>Center for the Promotion of Science<\/p>\n<\/div>\n<\/div>\n\n\n\n<h5 class=\"wp-block-heading\"><strong>Project Description<\/strong><\/h5>\n\n\n\n<p>The concept of ReFocuS 2.0 will cover two main programmes of the Night in years 2018 and 2019 in Serbia. According to the EU emphasis on culture and its diversity, our main idea is \u201ePast means Future\u201c. Cultural heritage is based on the aspects of our past that we cherish, that we want to keep and pass on to future generations. Past tense Future activities will provide better promotion of national contributions to Europe's common cultural and natural heritage respecting the same fundamental values and establish them in the studies of history, language, architecture, art, tourism, science in general and in other aspects of heritage.<\/p>\n\n\n\n<h5 class=\"wp-block-heading translation-block\">The Role of CPN<\/h5>\n\n\n\n<p>The Centre will coordinate activities within WP2 and especially activities by members of the Network of Science Clubs in Belgrade, Leskovac, Ni\u0161, Kragujevac, Knja\u017eevac, \u010ca\u010dak, U\u017eice, Kru\u0161evac, Smederevo, Ranovac, since it is their initiator.\nBringing together many associates, enthusiasts, scientists, teachers and journalists, the Centre has become very recognizable among the citizens of Serbia due to the number of activities. The Centre will also involve local schools and pre-school institutions.<\/p>","protected":false},"excerpt":{"rendered":"<p>Main goal of the \u201cRoad to science on Friday\u201d project (ReFocuS 2.0) is to promote and turn attention towards  [\u2026]<\/p>","protected":false},"author":3,"featured_media":2474,"parent":0,"menu_order":63,"comment_status":"closed","ping_status":"closed","template":"","meta":{"footnotes":""},"categories":[29,28],"tags":[],"class_list":["post-2626","page","type-page","status-publish","has-post-thumbnail","hentry","category-horizont2020","category-realizovani"],"_links":{"self":[{"href":"https:\/\/int.cpn.edu.rs\/en\/wp-json\/wp\/v2\/pages\/2626","targetHints":{"allow":["GET"]}}],"collection":[{"href":"https:\/\/int.cpn.edu.rs\/en\/wp-json\/wp\/v2\/pages"}],"about":[{"href":"https:\/\/int.cpn.edu.rs\/en\/wp-json\/wp\/v2\/types\/page"}],"author":[{"embeddable":true,"href":"https:\/\/int.cpn.edu.rs\/en\/wp-json\/wp\/v2\/users\/3"}],"replies":[{"embeddable":true,"href":"https:\/\/int.cpn.edu.rs\/en\/wp-json\/wp\/v2\/comments?post=2626"}],"version-history":[{"count":5,"href":"https:\/\/int.cpn.edu.rs\/en\/wp-json\/wp\/v2\/pages\/2626\/revisions"}],"predecessor-version":[{"id":3795,"href":"https:\/\/int.cpn.edu.rs\/en\/wp-json\/wp\/v2\/pages\/2626\/revisions\/3795"}],"wp:featuredmedia":[{"embeddable":true,"href":"https:\/\/int.cpn.edu.rs\/en\/wp-json\/wp\/v2\/media\/2474"}],"wp:attachment":[{"href":"https:\/\/int.cpn.edu.rs\/en\/wp-json\/wp\/v2\/media?parent=2626"}],"wp:term":[{"taxonomy":"category","embeddable":true,"href":"https:\/\/int.cpn.edu.rs\/en\/wp-json\/wp\/v2\/categories?post=2626"},{"taxonomy":"post_tag","embeddable":true,"href":"https:\/\/int.cpn.edu.rs\/en\/wp-json\/wp\/v2\/tags?post=2626"}],"curies":[{"name":"wp","href":"https:\/\/api.w.org\/{rel}","templated":true}]}}