{"id":2500,"date":"2020-11-30T12:16:16","date_gmt":"2020-11-30T11:16:16","guid":{"rendered":"http:\/\/eu.cpn.rs\/?page_id=2500\/"},"modified":"2022-08-05T14:12:18","modified_gmt":"2022-08-05T12:12:18","slug":"reconnect-upgrade-20-20","status":"publish","type":"page","link":"https:\/\/int.cpn.edu.rs\/en\/reconnect-upgrade-20-20\/","title":{"rendered":"ReConNeCt Upgrade 20.20"},"content":{"rendered":"<div class=\"wp-block-columns is-layout-flex wp-container-core-columns-is-layout-9d6595d7 wp-block-columns-is-layout-flex\">\n<div class=\"wp-block-column is-layout-flow wp-block-column-is-layout-flow\" style=\"flex-basis:33.33%\">\n<figure class=\"wp-block-image size-large\"><img decoding=\"async\" src=\"https:\/\/int.cpn.edu.rs\/wp-content\/uploads\/2020\/11\/logo-noc-horizontala-1536x732.png\" alt=\"\"\/><\/figure>\n<\/div>\n\n\n\n<div class=\"wp-block-column is-layout-flow wp-block-column-is-layout-flow\" style=\"flex-basis:66.66%\">\n<h5 class=\"wp-block-heading\"><strong><em>European Researchers\u2019 Night project<\/em><\/strong><\/h5>\n\n\n\n<p class=\"translation-block\">The project wants to identify and contribute to the public standing of the best researchers and innovation projects that generate knowledge for the benefit of the whole society. It also stimulates promotion of the research profession among young pupils and students. The project reflects Europe in an ever-changing world, which is expected to develop science that is smart, transformative, anticipating, co-creative, and which responds to the true societal needs. Since the new program for research and innovation \u2013 Horizon Europe, is in preparation, the project is focused on the transition stage and sheds light on the triangle among science, industry, and citizens.<\/p>\n<\/div>\n<\/div>\n\n\n\n<div class=\"wp-block-columns is-layout-flex wp-container-core-columns-is-layout-9d6595d7 wp-block-columns-is-layout-flex\">\n<div class=\"wp-block-column is-layout-flow wp-block-column-is-layout-flow\">\n<h5 class=\"wp-block-heading\"><strong>Project Information<\/strong><\/h5>\n\n\n\n<p>Grant agreement: European Commission Horizon 2020 programme, Marie Curie subprogramme<\/p>\n\n\n\n<p>Implementation period: 07\/2020 \u2013 02\/2021<\/p>\n\n\n\n<p>Website: nocistrazivaca.rs<\/p>\n\n\n\n<p>Contact: Danijela Vu\u010di\u0107evi\u0107 \u2013 <a href=\"mailto:dvucicevic@cpn.rs\" target=\"_blank\" rel=\"noreferrer noopener\">dvucicevic@cpn.rs<\/a><\/p>\n\n\n\n<h5 class=\"wp-block-heading\"><strong>Coordinator<\/strong><\/h5>\n\n\n\n<p>Creative Educational Center Novi Sad<\/p>\n<\/div>\n\n\n\n<div class=\"wp-block-column is-layout-flow wp-block-column-is-layout-flow\">\n<h5 class=\"wp-block-heading\"><strong>Partners<\/strong><\/h5>\n\n\n\n<p>University of Novi Sad<\/p>\n\n\n\n<p>Faculty of Science and Mathematics, University of Novi Sad<\/p>\n\n\n\n<p>Technical College of Applied Studies Subotica<\/p>\n\n\n\n<p>Association of Science Communicators<\/p>\n\n\n\n<p>Center for the Promotion of Science<\/p>\n<\/div>\n<\/div>\n\n\n\n<h5 class=\"wp-block-heading\"><strong>Description:<\/strong><\/h5>\n\n\n\n<p>Main topic in 2020 is the digital science! The focus is on intriguing and impactful scientific examples about the application of digital technologies and social networks. One of the phenomena which shapes and crucially delineates modern age is the internet. Social media represents strong means of communication and interaction among users, where information and ideas are being created, shared, and exchanged. Scientists themselves use digital tools more and more in their research, data and measuring results are more and more displayed on online platforms, and smartphones have become tools for education, data gathering and data processing \u2013 in a word, for research. That is why this year we want to present all the possible ways in which, through the use of digital media, we can explore, learn, and engage in science.<\/p>\n\n\n\n<h5 class=\"wp-block-heading translation-block\">The Role of CPN<\/h5>\n\n\n\n<p>CPN leads the work package 2, within which it coordinates activities at science clubs in Kikinda and \u0160abac, as part of the Science Clubs Network, whose founding and gathering was initiated in 2016. The main role is to promote the project and its goals through the Researchers\u2019 week, as well as to attract new participants through purposely designed programs. Key activities are in the first place intended for children and young people so that they would be inspired and encouraged to choose science.<\/p>","protected":false},"excerpt":{"rendered":"<p>European Researchers\u2019 Night project \u041f\u0440\u043e\u0458\u0435\u043a\u0430\u0442 \u0436\u0435\u043b\u0438 \u0434\u0430 \u0438\u0434\u0435\u043d\u0442\u0438\u0444\u0438\u043a\u0443\u0458\u0435 \u0438 \u0434\u043e\u043f\u0440\u0438\u043d\u0435\u0441\u0435 \u0458\u0430\u0432\u043d\u043e\u043c \u0443\u0433\u043b\u0435\u0434\u0443 \u043d\u0430\u0458\u0431\u043e\u0459\u0438\u0445 \u0438\u0441\u0442\u0440\u0430\u0436\u0438\u0432\u0430\u0447\u043a\u0438\u0445 \u0438 \u0438\u043d\u043e\u0432\u0430\u0446\u0438\u0458\u0441\u043a\u0438\u0445 \u043f\u0440\u043e\u0458\u0435\u043a\u0430\u0442\u0430 \u043a\u043e\u0458\u0438 \u0433\u0435\u043d\u0435\u0440\u0438\u0448\u0443 \u0437\u043d\u0430\u045a\u0435 [&hellip;]<\/p>\n","protected":false},"author":3,"featured_media":2474,"parent":0,"menu_order":59,"comment_status":"closed","ping_status":"closed","template":"","meta":{"footnotes":""},"categories":[29,28],"tags":[],"class_list":["post-2500","page","type-page","status-publish","has-post-thumbnail","hentry","category-horizont2020","category-realizovani"],"_links":{"self":[{"href":"https:\/\/int.cpn.edu.rs\/en\/wp-json\/wp\/v2\/pages\/2500","targetHints":{"allow":["GET"]}}],"collection":[{"href":"https:\/\/int.cpn.edu.rs\/en\/wp-json\/wp\/v2\/pages"}],"about":[{"href":"https:\/\/int.cpn.edu.rs\/en\/wp-json\/wp\/v2\/types\/page"}],"author":[{"embeddable":true,"href":"https:\/\/int.cpn.edu.rs\/en\/wp-json\/wp\/v2\/users\/3"}],"replies":[{"embeddable":true,"href":"https:\/\/int.cpn.edu.rs\/en\/wp-json\/wp\/v2\/comments?post=2500"}],"version-history":[{"count":3,"href":"https:\/\/int.cpn.edu.rs\/en\/wp-json\/wp\/v2\/pages\/2500\/revisions"}],"predecessor-version":[{"id":3833,"href":"https:\/\/int.cpn.edu.rs\/en\/wp-json\/wp\/v2\/pages\/2500\/revisions\/3833"}],"wp:featuredmedia":[{"embeddable":true,"href":"https:\/\/int.cpn.edu.rs\/en\/wp-json\/wp\/v2\/media\/2474"}],"wp:attachment":[{"href":"https:\/\/int.cpn.edu.rs\/en\/wp-json\/wp\/v2\/media?parent=2500"}],"wp:term":[{"taxonomy":"category","embeddable":true,"href":"https:\/\/int.cpn.edu.rs\/en\/wp-json\/wp\/v2\/categories?post=2500"},{"taxonomy":"post_tag","embeddable":true,"href":"https:\/\/int.cpn.edu.rs\/en\/wp-json\/wp\/v2\/tags?post=2500"}],"curies":[{"name":"wp","href":"https:\/\/api.w.org\/{rel}","templated":true}]}}